{"id":1036,"date":"2025-12-09T10:43:52","date_gmt":"2025-12-09T10:43:52","guid":{"rendered":"https:\/\/lidianavasabogada.com\/?page_id=1036"},"modified":"2025-12-29T10:03:51","modified_gmt":"2025-12-29T10:03:51","slug":"licencias-y-sanciones-administrativas","status":"publish","type":"page","link":"https:\/\/lidianavasabogada.com\/en\/derecho-administrativo\/licencias-y-sanciones-administrativas\/","title":{"rendered":"Licenses and administrative sanctions"},"content":{"rendered":"<div data-elementor-type=\"wp-page\" data-elementor-id=\"1036\" class=\"elementor elementor-1036\" data-elementor-post-type=\"page\">\n\t\t\t\t<main class=\"elementor-element elementor-element-86092a8 e-con-full e-flex e-con e-parent\" data-id=\"86092a8\" data-element_type=\"container\" data-settings=\"{&quot;background_background&quot;:&quot;classic&quot;}\">\n\t\t<div class=\"elementor-element elementor-element-1f5aca8 e-flex e-con-boxed e-con e-child\" data-id=\"1f5aca8\" data-element_type=\"container\">\n\t\t\t\t\t<div class=\"e-con-inner\">\n\t\t\t\t<div class=\"elementor-element elementor-element-be716a4 animated-slow elementor-widget__width-initial elementor-widget-mobile__width-inherit elementor-widget elementor-widget-heading\" data-id=\"be716a4\" data-element_type=\"widget\" data-settings=\"{&quot;_animation&quot;:&quot;none&quot;,&quot;_animation_delay&quot;:50}\" data-widget_type=\"heading.default\">\n\t\t\t\t\t<h1 class=\"elementor-heading-title elementor-size-default\">Defense in licenses <br>and administrative sanctions<\/h1>\t\t\t\t<\/div>\n\t\t\t\t<div class=\"elementor-element elementor-element-f275fca elementor-widget elementor-widget-eloi_breadcrumb\" data-id=\"f275fca\" data-element_type=\"widget\" data-widget_type=\"eloi_breadcrumb.default\">\n\t\t\t\t<div class=\"elementor-widget-container\">\n\t\t\t\t\t<nav class=\"breadcrumb\" aria-label=\"breadcrumb\"><a href=\"https:\/\/lidianavasabogada.com\/en\">Start<\/a><\/nav>\t\t\t\t<\/div>\n\t\t\t\t<\/div>\n\t\t\t\t\t<\/div>\n\t\t\t\t<\/div>\n\t\t\t\t<\/main>\n\t\t<div class=\"elementor-element elementor-element-db68cad e-flex e-con-boxed e-con e-parent\" data-id=\"db68cad\" data-element_type=\"container\">\n\t\t\t\t\t<div class=\"e-con-inner\">\n\t\t<div class=\"elementor-element elementor-element-9d2933e e-flex e-con-boxed e-con e-child\" data-id=\"9d2933e\" data-element_type=\"container\">\n\t\t\t\t\t<div class=\"e-con-inner\">\n\t\t\t\t<div class=\"elementor-element elementor-element-fd9deb7 elementor-widget elementor-widget-heading\" data-id=\"fd9deb7\" data-element_type=\"widget\" data-widget_type=\"heading.default\">\n\t\t\t\t\t<h2 class=\"elementor-heading-title elementor-size-default\">Advice on sanctioning proceedings, fines and municipal permits in Castell\u00f3n<\/h2>\t\t\t\t<\/div>\n\t\t\t\t\t<\/div>\n\t\t\t\t<\/div>\n\t\t<div class=\"elementor-element elementor-element-7b295e3 e-flex e-con-boxed e-con e-child\" data-id=\"7b295e3\" data-element_type=\"container\">\n\t\t\t\t\t<div class=\"e-con-inner\">\n\t\t\t\t<div class=\"elementor-element elementor-element-2763db4 elementor-widget elementor-widget-text-editor\" data-id=\"2763db4\" data-element_type=\"widget\" data-widget_type=\"text-editor.default\">\n\t\t\t\t\t\t\t\t\t<p>Licenses and administrative penalties are frequent topics for individuals and businesses in their daily lives. From a business license to a traffic, noise, or planning violation, any procedure requires understanding deadlines, implications, and ways to defend oneself. In Valencia, procedures before the city council or regional authorities are often complex and, at times, confusing for those unfamiliar with the regulations.<\/p><p>As a specialist in administrative law, I guide you from the very beginning: I analyze all the documentation received (sanctions, notifications, requirements), prepare arguments, gather evidence, and manage the necessary procedures to protect your interests. Whether it&#039;s avoiding a sanction or obtaining a license, a swift response is key to ensuring success and preventing further harm.<\/p>\t\t\t\t\t\t\t\t<\/div>\n\t\t\t\t\t<\/div>\n\t\t\t\t<\/div>\n\t\t\t\t\t<\/div>\n\t\t\t\t<\/div>\n\t\t<div class=\"elementor-element elementor-element-5f52b2f e-grid e-con-full e-con e-parent\" data-id=\"5f52b2f\" data-element_type=\"container\" data-settings=\"{&quot;background_background&quot;:&quot;classic&quot;}\">\n\t\t<div class=\"elementor-element elementor-element-21745db e-con-full e-flex e-con e-child\" data-id=\"21745db\" data-element_type=\"container\" data-settings=\"{&quot;background_background&quot;:&quot;classic&quot;}\">\n\t\t\t\t<\/div>\n\t\t<div class=\"elementor-element elementor-element-cccb176 e-con-full e-flex e-con e-child\" data-id=\"cccb176\" data-element_type=\"container\">\n\t\t<div class=\"elementor-element elementor-element-4451b55 e-con-full e-flex elementor-invisible e-con e-child\" data-id=\"4451b55\" data-element_type=\"container\" data-settings=\"{&quot;animation&quot;:&quot;fadeInRight&quot;}\">\n\t\t\t\t<div class=\"elementor-element elementor-element-8ce2840 elementor-widget elementor-widget-heading\" data-id=\"8ce2840\" data-element_type=\"widget\" data-widget_type=\"heading.default\">\n\t\t\t\t\t<h2 class=\"elementor-heading-title elementor-size-default\">Main problems with licenses and administrative sanctions in Valencia<\/h2>\t\t\t\t<\/div>\n\t\t\t\t<div class=\"elementor-element elementor-element-ac8366c post-content elementor-widget elementor-widget-text-editor\" data-id=\"ac8366c\" data-element_type=\"widget\" data-widget_type=\"text-editor.default\">\n\t\t\t\t\t\t\t\t\t<p><strong>In my professional experience, the most common issues I handle in this field include:<\/strong><\/p><ul><li>Consultations and defense against traffic, noise or public consumption fines.<\/li><li>Disciplinary proceedings for urban planning violations, unlicensed construction, or activities outside of regulations.<\/li><li>Problems in obtaining or renewing municipal and professional licenses.<\/li><li>Regularization requirements, unfavorable reports and suspension of activities.<\/li><\/ul><p>Addressing these issues with specialized legal advice avoids formal errors, prevents undue penalties, and allows you to take advantage of deadlines to file appeals or correct documents.<\/p>\t\t\t\t\t\t\t\t<\/div>\n\t\t\t\t<\/div>\n\t\t\t\t<\/div>\n\t\t\t\t<\/div>\n\t\t<div class=\"elementor-element elementor-element-9e66d64 e-flex e-con-boxed e-con e-parent\" data-id=\"9e66d64\" data-element_type=\"container\" data-settings=\"{&quot;background_background&quot;:&quot;classic&quot;}\">\n\t\t\t\t\t<div class=\"e-con-inner\">\n\t\t<div class=\"elementor-element elementor-element-a7f93bf e-flex e-con-boxed e-con e-child\" data-id=\"a7f93bf\" data-element_type=\"container\">\n\t\t\t\t\t<div class=\"e-con-inner\">\n\t\t\t\t<div class=\"elementor-element elementor-element-3227b01 elementor-widget elementor-widget-heading\" data-id=\"3227b01\" data-element_type=\"widget\" data-widget_type=\"heading.default\">\n\t\t\t\t\t<h2 class=\"elementor-heading-title elementor-size-default\">Steps to resolve your administrative penalty or obtain your license<\/h2>\t\t\t\t<\/div>\n\t\t\t\t\t<\/div>\n\t\t\t\t<\/div>\n\t\t<div class=\"elementor-element elementor-element-9fbdac1 e-flex e-con-boxed e-con e-child\" data-id=\"9fbdac1\" data-element_type=\"container\">\n\t\t\t\t\t<div class=\"e-con-inner\">\n\t\t\t\t<div class=\"elementor-element elementor-element-1eec296 post-content elementor-widget elementor-widget-text-editor\" data-id=\"1eec296\" data-element_type=\"widget\" data-widget_type=\"text-editor.default\">\n\t\t\t\t\t\t\t\t\t<p><strong>My intervention follows a clear and transparent process:<\/strong><\/p><ul><li>Review of all documentation provided (notifications, agreements, legal bases).<\/li><li>Analysis of possible defects in form or substance.<\/li><li>Preparation and submission of written allegations or administrative appeals.<\/li><li>Direct communication with the officials responsible for the file.<\/li><li>Monitoring of deadlines and procedures to be carried out until the resolution of the procedure.<\/li><\/ul><p>At every step, I prioritize communication with you, so that you understand the situation, the legal options, and the risks of each alternative.<\/p>\t\t\t\t\t\t\t\t<\/div>\n\t\t\t\t\t<\/div>\n\t\t\t\t<\/div>\n\t\t\t\t\t<\/div>\n\t\t\t\t<\/div>\n\t\t<main class=\"elementor-element elementor-element-5e1d545 e-grid e-con-boxed e-con e-parent\" data-id=\"5e1d545\" data-element_type=\"container\" data-settings=\"{&quot;background_background&quot;:&quot;classic&quot;}\">\n\t\t\t\t\t<div class=\"e-con-inner\">\n\t\t<div class=\"elementor-element elementor-element-5e83078 e-flex e-con-boxed e-con e-child\" data-id=\"5e83078\" data-element_type=\"container\">\n\t\t\t\t\t<div class=\"e-con-inner\">\n\t\t\t\t<div class=\"elementor-element elementor-element-592b7cb elementor-widget__width-initial animated-slow elementor-widget elementor-widget-heading\" data-id=\"592b7cb\" data-element_type=\"widget\" data-settings=\"{&quot;_animation&quot;:&quot;none&quot;,&quot;_animation_delay&quot;:50}\" data-widget_type=\"heading.default\">\n\t\t\t\t\t<h3 class=\"elementor-heading-title elementor-size-default\">Get a free consultation regarding your administrative sanction or license.<\/h3>\t\t\t\t<\/div>\n\t\t\t\t<div class=\"elementor-element elementor-element-72f9a8e elementor-widget__width-initial elementor-invisible elementor-widget elementor-widget-text-editor\" data-id=\"72f9a8e\" data-element_type=\"widget\" data-settings=\"{&quot;_animation&quot;:&quot;fadeIn&quot;,&quot;_animation_delay&quot;:600}\" data-widget_type=\"text-editor.default\">\n\t\t\t\t\t\t\t\t\t<p>If you&#039;ve received a notification, fine, or need help with municipal permits, contact me today and tell me about your situation. I&#039;ll answer your questions without obligation, and together we&#039;ll analyze the best strategy.<\/p>\t\t\t\t\t\t\t\t<\/div>\n\t\t\t\t\t<\/div>\n\t\t\t\t<\/div>\n\t\t<div class=\"elementor-element elementor-element-67a3a09 e-con-full e-flex e-con e-child\" data-id=\"67a3a09\" data-element_type=\"container\" data-settings=\"{&quot;background_background&quot;:&quot;classic&quot;}\">\n\t\t\t\t<div class=\"elementor-element elementor-element-3b77f65 elementor-widget elementor-widget-shortcode\" data-id=\"3b77f65\" data-element_type=\"widget\" data-widget_type=\"shortcode.default\">\n\t\t\t\t\t\t\t<div class=\"elementor-shortcode\">\n<div class=\"wpcf7 no-js\" id=\"wpcf7-f357-o1\" lang=\"es-ES\" dir=\"ltr\" data-wpcf7-id=\"357\">\n<div class=\"screen-reader-response\"><p role=\"status\" aria-live=\"polite\" aria-atomic=\"true\"><\/p> <ul><\/ul><\/div>\n<form action=\"\/en\/wp-json\/wp\/v2\/pages\/1036#wpcf7-f357-o1\" method=\"post\" class=\"wpcf7-form init\" aria-label=\"Contact form\" novalidate=\"novalidate\" data-status=\"init\" data-trp-original-action=\"\/en\/wp-json\/wp\/v2\/pages\/1036#wpcf7-f357-o1\">\n<fieldset class=\"hidden-fields-container\"><input type=\"hidden\" name=\"_wpcf7\" value=\"357\" \/><input type=\"hidden\" name=\"_wpcf7_version\" value=\"6.1.4\" \/><input type=\"hidden\" name=\"_wpcf7_locale\" value=\"es_ES\" \/><input type=\"hidden\" name=\"_wpcf7_unit_tag\" value=\"wpcf7-f357-o1\" \/><input type=\"hidden\" name=\"_wpcf7_container_post\" value=\"0\" \/><input type=\"hidden\" name=\"_wpcf7_posted_data_hash\" value=\"\" \/><input type=\"hidden\" name=\"_wpcf7_recaptcha_response\" value=\"\" \/>\n<\/fieldset>\n<div class=\"formulari contacte\">\n\t<div class=\"formulari-row\">\n\t\t<div class=\"formulari-col\">\n\t\t\t<p><label class=\"form-group\"><span class=\"label\">Name *<\/span><span class=\"wpcf7-form-control-wrap\" data-name=\"your-name\"><input size=\"40\" maxlength=\"400\" class=\"wpcf7-form-control wpcf7-text wpcf7-validates-as-required form-input\" aria-required=\"true\" aria-invalid=\"false\" placeholder=\"Name*\" value=\"\" type=\"text\" name=\"your-name\" \/><\/span> <\/label>\n\t\t\t<\/p>\n\t\t<\/div>\n\t\t<div class=\"formulari-col\">\n\t\t\t<p><label class=\"form-group\"><span class=\"label\">Last Name *<\/span><span class=\"wpcf7-form-control-wrap\" data-name=\"Apellidos\"><input size=\"40\" maxlength=\"400\" class=\"wpcf7-form-control wpcf7-text form-input\" aria-invalid=\"false\" placeholder=\"Last Name *\" value=\"\" type=\"text\" name=\"Apellidos\" \/><\/span> <\/label>\n\t\t\t<\/p>\n\t\t<\/div>\n\t\t<div class=\"formulari-col\">\n\t\t\t<p><label class=\"form-group\"><span class=\"label\">Email *<\/span><span class=\"wpcf7-form-control-wrap\" data-name=\"your-email\"><input size=\"40\" maxlength=\"400\" class=\"wpcf7-form-control wpcf7-email wpcf7-validates-as-required wpcf7-text wpcf7-validates-as-email form-input\" aria-required=\"true\" aria-invalid=\"false\" placeholder=\"Email *\" value=\"\" type=\"email\" name=\"your-email\" \/><\/span> <\/label>\n\t\t\t<\/p>\n\t\t<\/div>\n\t\t<div class=\"formulari-col\">\n\t\t\t<p><label class=\"form-group\"><span class=\"label\">Phone *<\/span><span class=\"wpcf7-form-control-wrap\" data-name=\"Phone\"><input size=\"40\" maxlength=\"400\" class=\"wpcf7-form-control wpcf7-tel wpcf7-text wpcf7-validates-as-tel form-input\" aria-invalid=\"false\" placeholder=\"Phone *\" value=\"\" type=\"tel\" name=\"Phone\" \/><\/span> <\/label>\n\t\t\t<\/p>\n\t\t<\/div>\n\t<\/div>\n\t<p><label class=\"form-textarea\"><span class=\"label\">Consultation<\/span><span class=\"wpcf7-form-control-wrap\" data-name=\"your-message\"><textarea cols=\"40\" rows=\"6\" maxlength=\"2000\" class=\"wpcf7-form-control wpcf7-textarea form-textarea\" aria-invalid=\"false\" placeholder=\"I want information about...\" name=\"your-message\"><\/textarea><\/span><\/label>\n\t<\/p>\n\t<p class=\"drets\">As data controllers, we will process your data to send you information and commercial updates about our services. You can access, rectify, and delete your data, as well as exercise other rights, by consulting the additional and detailed information on data protection in our <a href=\"\/en\/politica-de-privacidad\/\">Privacy Policy<\/a>.\n\t<\/p>\n\t<p class=\"drets\"><span class=\"wpcf7-form-control-wrap\" data-name=\"acceptance-btn\"><span class=\"wpcf7-form-control wpcf7-acceptance\"><span class=\"wpcf7-list-item\"><label><input type=\"checkbox\" name=\"acceptance-btn\" value=\"1\" aria-invalid=\"false\" \/><span class=\"wpcf7-list-item-label\">I understand and accept the <a href=\"\/en\/politica-de-privacidad\/\">Privacy Policy<\/a>.<\/span><\/label><\/span><\/span><\/span>\n\t<\/p>\n\t<div class=\"enviar\">\n\t\t<p><input class=\"wpcf7-form-control wpcf7-submit has-spinner\" type=\"submit\" value=\"Send\" \/>\n\t\t<\/p>\n\t<\/div>\n<\/div><div class=\"wpcf7-response-output\" aria-hidden=\"true\"><\/div>\n<input type=\"hidden\" name=\"trp-form-language\" value=\"en\"\/><\/form>\n<\/div>\n<\/div>\n\t\t\t\t\t\t<\/div>\n\t\t\t\t<\/div>\n\t\t\t\t\t<\/div>\n\t\t\t\t<\/main>\n\t\t\t\t<\/div>","protected":false},"excerpt":{"rendered":"<p>Defensa en licencias y sanciones administrativas Inicio Asesoramiento en expedientes sancionadores, multas y permisos municipales en Castell\u00f3n Las licencias y sanciones administrativas son temas frecuentes para particulares y empresas en su d\u00eda a d\u00eda. Desde una licencia de actividad hasta una sanci\u00f3n de tr\u00e1fico, ruidos o urban\u00edstica, cualquier tr\u00e1mite exige entender plazos, implicaciones y formas [&hellip;]<\/p>","protected":false},"author":2,"featured_media":0,"parent":717,"menu_order":0,"comment_status":"closed","ping_status":"closed","template":"","meta":{"_acf_changed":false,"footnotes":""},"class_list":["post-1036","page","type-page","status-publish","hentry"],"acf":[],"yoast_head":"<!-- This site is optimized with the Yoast SEO plugin v26.6 - https:\/\/yoast.com\/wordpress\/plugins\/seo\/ -->\n<title>Licencias y sanciones administrativas - Lidia Navas Esteller<\/title>\n<meta name=\"description\" content=\"Consigue asesoramiento y ayuda en la reclamaci\u00f3n de licencias y sanciones administrativas, multas y expedientes sancionadores en Castell\u00f3n.\" \/>\n<meta name=\"robots\" content=\"index, follow, max-snippet:-1, max-image-preview:large, max-video-preview:-1\" \/>\n<link rel=\"canonical\" href=\"https:\/\/lidianavasabogada.com\/en\/derecho-administrativo\/licencias-y-sanciones-administrativas\/\" \/>\n<meta property=\"og:locale\" content=\"en_US\" \/>\n<meta property=\"og:type\" content=\"article\" \/>\n<meta property=\"og:title\" content=\"Licencias y sanciones administrativas - Lidia Navas Esteller\" \/>\n<meta property=\"og:description\" content=\"Consigue asesoramiento y ayuda en la reclamaci\u00f3n de licencias y sanciones administrativas, multas y expedientes sancionadores en Castell\u00f3n.\" \/>\n<meta property=\"og:url\" content=\"https:\/\/lidianavasabogada.com\/en\/derecho-administrativo\/licencias-y-sanciones-administrativas\/\" \/>\n<meta property=\"og:site_name\" content=\"Lidia Navas Esteller\" \/>\n<meta property=\"article:modified_time\" content=\"2025-12-29T10:03:51+00:00\" \/>\n<meta name=\"twitter:card\" content=\"summary_large_image\" \/>\n<meta name=\"twitter:label1\" content=\"Est. reading time\" \/>\n\t<meta name=\"twitter:data1\" content=\"2 minutes\" \/>\n<script type=\"application\/ld+json\" class=\"yoast-schema-graph\">{\"@context\":\"https:\/\/schema.org\",\"@graph\":[{\"@type\":\"WebPage\",\"@id\":\"https:\/\/lidianavasabogada.com\/derecho-administrativo\/licencias-y-sanciones-administrativas\/\",\"url\":\"https:\/\/lidianavasabogada.com\/derecho-administrativo\/licencias-y-sanciones-administrativas\/\",\"name\":\"Licencias y sanciones administrativas - Lidia Navas Esteller\",\"isPartOf\":{\"@id\":\"https:\/\/lidianavasabogada.com\/#website\"},\"datePublished\":\"2025-12-09T10:43:52+00:00\",\"dateModified\":\"2025-12-29T10:03:51+00:00\",\"description\":\"Consigue asesoramiento y ayuda en la reclamaci\u00f3n de licencias y sanciones administrativas, multas y expedientes sancionadores en Castell\u00f3n.\",\"breadcrumb\":{\"@id\":\"https:\/\/lidianavasabogada.com\/derecho-administrativo\/licencias-y-sanciones-administrativas\/#breadcrumb\"},\"inLanguage\":\"en-US\",\"potentialAction\":[{\"@type\":\"ReadAction\",\"target\":[\"https:\/\/lidianavasabogada.com\/derecho-administrativo\/licencias-y-sanciones-administrativas\/\"]}]},{\"@type\":\"BreadcrumbList\",\"@id\":\"https:\/\/lidianavasabogada.com\/derecho-administrativo\/licencias-y-sanciones-administrativas\/#breadcrumb\",\"itemListElement\":[{\"@type\":\"ListItem\",\"position\":1,\"name\":\"Portada\",\"item\":\"https:\/\/lidianavasabogada.com\/\"},{\"@type\":\"ListItem\",\"position\":2,\"name\":\"Derecho administrativo\",\"item\":\"https:\/\/lidianavasabogada.com\/derecho-administrativo\/\"},{\"@type\":\"ListItem\",\"position\":3,\"name\":\"Licencias y sanciones administrativas\"}]},{\"@type\":\"WebSite\",\"@id\":\"https:\/\/lidianavasabogada.com\/#website\",\"url\":\"https:\/\/lidianavasabogada.com\/\",\"name\":\"Lidia Navas Esteller\",\"description\":\"Abogada derecho administrativo\",\"publisher\":{\"@id\":\"https:\/\/lidianavasabogada.com\/#organization\"},\"potentialAction\":[{\"@type\":\"SearchAction\",\"target\":{\"@type\":\"EntryPoint\",\"urlTemplate\":\"https:\/\/lidianavasabogada.com\/?s={search_term_string}\"},\"query-input\":{\"@type\":\"PropertyValueSpecification\",\"valueRequired\":true,\"valueName\":\"search_term_string\"}}],\"inLanguage\":\"en-US\"},{\"@type\":\"Organization\",\"@id\":\"https:\/\/lidianavasabogada.com\/#organization\",\"name\":\"Lidia Navas Esteller\",\"url\":\"https:\/\/lidianavasabogada.com\/\",\"logo\":{\"@type\":\"ImageObject\",\"inLanguage\":\"en-US\",\"@id\":\"https:\/\/lidianavasabogada.com\/#\/schema\/logo\/image\/\",\"url\":\"https:\/\/lidianavasabogada.com\/wp-content\/uploads\/2025\/10\/logo-lidia-navas.jpg\",\"contentUrl\":\"https:\/\/lidianavasabogada.com\/wp-content\/uploads\/2025\/10\/logo-lidia-navas.jpg\",\"width\":662,\"height\":208,\"caption\":\"Lidia Navas Esteller\"},\"image\":{\"@id\":\"https:\/\/lidianavasabogada.com\/#\/schema\/logo\/image\/\"}}]}<\/script>\n<!-- \/ Yoast SEO plugin. -->","yoast_head_json":{"title":"Licencias y sanciones administrativas - Lidia Navas Esteller","description":"Consigue asesoramiento y ayuda en la reclamaci\u00f3n de licencias y sanciones administrativas, multas y expedientes sancionadores en Castell\u00f3n.","robots":{"index":"index","follow":"follow","max-snippet":"max-snippet:-1","max-image-preview":"max-image-preview:large","max-video-preview":"max-video-preview:-1"},"canonical":"https:\/\/lidianavasabogada.com\/en\/derecho-administrativo\/licencias-y-sanciones-administrativas\/","og_locale":"en_US","og_type":"article","og_title":"Licencias y sanciones administrativas - Lidia Navas Esteller","og_description":"Consigue asesoramiento y ayuda en la reclamaci\u00f3n de licencias y sanciones administrativas, multas y expedientes sancionadores en Castell\u00f3n.","og_url":"https:\/\/lidianavasabogada.com\/en\/derecho-administrativo\/licencias-y-sanciones-administrativas\/","og_site_name":"Lidia Navas Esteller","article_modified_time":"2025-12-29T10:03:51+00:00","twitter_card":"summary_large_image","twitter_misc":{"Est. reading time":"2 minutes"},"schema":{"@context":"https:\/\/schema.org","@graph":[{"@type":"WebPage","@id":"https:\/\/lidianavasabogada.com\/derecho-administrativo\/licencias-y-sanciones-administrativas\/","url":"https:\/\/lidianavasabogada.com\/derecho-administrativo\/licencias-y-sanciones-administrativas\/","name":"Licencias y sanciones administrativas - Lidia Navas Esteller","isPartOf":{"@id":"https:\/\/lidianavasabogada.com\/#website"},"datePublished":"2025-12-09T10:43:52+00:00","dateModified":"2025-12-29T10:03:51+00:00","description":"Consigue asesoramiento y ayuda en la reclamaci\u00f3n de licencias y sanciones administrativas, multas y expedientes sancionadores en Castell\u00f3n.","breadcrumb":{"@id":"https:\/\/lidianavasabogada.com\/derecho-administrativo\/licencias-y-sanciones-administrativas\/#breadcrumb"},"inLanguage":"en-US","potentialAction":[{"@type":"ReadAction","target":["https:\/\/lidianavasabogada.com\/derecho-administrativo\/licencias-y-sanciones-administrativas\/"]}]},{"@type":"BreadcrumbList","@id":"https:\/\/lidianavasabogada.com\/derecho-administrativo\/licencias-y-sanciones-administrativas\/#breadcrumb","itemListElement":[{"@type":"ListItem","position":1,"name":"Portada","item":"https:\/\/lidianavasabogada.com\/"},{"@type":"ListItem","position":2,"name":"Derecho administrativo","item":"https:\/\/lidianavasabogada.com\/derecho-administrativo\/"},{"@type":"ListItem","position":3,"name":"Licencias y sanciones administrativas"}]},{"@type":"WebSite","@id":"https:\/\/lidianavasabogada.com\/#website","url":"https:\/\/lidianavasabogada.com\/","name":"Lidia Navas Esteller","description":"Abogada derecho administrativo","publisher":{"@id":"https:\/\/lidianavasabogada.com\/#organization"},"potentialAction":[{"@type":"SearchAction","target":{"@type":"EntryPoint","urlTemplate":"https:\/\/lidianavasabogada.com\/?s={search_term_string}"},"query-input":{"@type":"PropertyValueSpecification","valueRequired":true,"valueName":"search_term_string"}}],"inLanguage":"en-US"},{"@type":"Organization","@id":"https:\/\/lidianavasabogada.com\/#organization","name":"Lidia Navas Esteller","url":"https:\/\/lidianavasabogada.com\/","logo":{"@type":"ImageObject","inLanguage":"en-US","@id":"https:\/\/lidianavasabogada.com\/#\/schema\/logo\/image\/","url":"https:\/\/lidianavasabogada.com\/wp-content\/uploads\/2025\/10\/logo-lidia-navas.jpg","contentUrl":"https:\/\/lidianavasabogada.com\/wp-content\/uploads\/2025\/10\/logo-lidia-navas.jpg","width":662,"height":208,"caption":"Lidia Navas Esteller"},"image":{"@id":"https:\/\/lidianavasabogada.com\/#\/schema\/logo\/image\/"}}]}},"_links":{"self":[{"href":"https:\/\/lidianavasabogada.com\/en\/wp-json\/wp\/v2\/pages\/1036","targetHints":{"allow":["GET"]}}],"collection":[{"href":"https:\/\/lidianavasabogada.com\/en\/wp-json\/wp\/v2\/pages"}],"about":[{"href":"https:\/\/lidianavasabogada.com\/en\/wp-json\/wp\/v2\/types\/page"}],"author":[{"embeddable":true,"href":"https:\/\/lidianavasabogada.com\/en\/wp-json\/wp\/v2\/users\/2"}],"replies":[{"embeddable":true,"href":"https:\/\/lidianavasabogada.com\/en\/wp-json\/wp\/v2\/comments?post=1036"}],"version-history":[{"count":11,"href":"https:\/\/lidianavasabogada.com\/en\/wp-json\/wp\/v2\/pages\/1036\/revisions"}],"predecessor-version":[{"id":2049,"href":"https:\/\/lidianavasabogada.com\/en\/wp-json\/wp\/v2\/pages\/1036\/revisions\/2049"}],"up":[{"embeddable":true,"href":"https:\/\/lidianavasabogada.com\/en\/wp-json\/wp\/v2\/pages\/717"}],"wp:attachment":[{"href":"https:\/\/lidianavasabogada.com\/en\/wp-json\/wp\/v2\/media?parent=1036"}],"curies":[{"name":"wp","href":"https:\/\/api.w.org\/{rel}","templated":true}]}}