{"id":1039,"date":"2025-12-09T10:44:40","date_gmt":"2025-12-09T10:44:40","guid":{"rendered":"https:\/\/lidianavasabogada.com\/?page_id=1039"},"modified":"2025-12-29T10:02:37","modified_gmt":"2025-12-29T10:02:37","slug":"expropiaciones-y-reclamaciones-en-responsabilidad-patrimonial","status":"publish","type":"page","link":"https:\/\/lidianavasabogada.com\/en\/derecho-administrativo\/expropiaciones-y-reclamaciones-en-responsabilidad-patrimonial\/","title":{"rendered":"Expropriations and patrimonial liability"},"content":{"rendered":"<div data-elementor-type=\"wp-page\" data-elementor-id=\"1039\" class=\"elementor elementor-1039\" data-elementor-post-type=\"page\">\n\t\t\t\t<main class=\"elementor-element elementor-element-03de2c9 e-con-full e-flex e-con e-parent\" data-id=\"03de2c9\" data-element_type=\"container\" data-settings=\"{&quot;background_background&quot;:&quot;classic&quot;}\">\n\t\t<div class=\"elementor-element elementor-element-cc04ecd e-flex e-con-boxed e-con e-child\" data-id=\"cc04ecd\" data-element_type=\"container\">\n\t\t\t\t\t<div class=\"e-con-inner\">\n\t\t\t\t<div class=\"elementor-element elementor-element-a8e7a8c animated-slow elementor-widget__width-initial elementor-widget-mobile__width-inherit elementor-widget elementor-widget-heading\" data-id=\"a8e7a8c\" data-element_type=\"widget\" data-settings=\"{&quot;_animation&quot;:&quot;none&quot;,&quot;_animation_delay&quot;:50}\" data-widget_type=\"heading.default\">\n\t\t\t\t\t<h1 class=\"elementor-heading-title elementor-size-default\">Defense in expropriations <br>and claims for liability\n<\/h1>\t\t\t\t<\/div>\n\t\t\t\t<div class=\"elementor-element elementor-element-258f7c8 elementor-widget elementor-widget-eloi_breadcrumb\" data-id=\"258f7c8\" data-element_type=\"widget\" data-widget_type=\"eloi_breadcrumb.default\">\n\t\t\t\t<div class=\"elementor-widget-container\">\n\t\t\t\t\t<nav class=\"breadcrumb\" aria-label=\"breadcrumb\"><a href=\"https:\/\/lidianavasabogada.com\/en\">Start<\/a><\/nav>\t\t\t\t<\/div>\n\t\t\t\t<\/div>\n\t\t\t\t\t<\/div>\n\t\t\t\t<\/div>\n\t\t\t\t<\/main>\n\t\t<div class=\"elementor-element elementor-element-f3816c0 e-flex e-con-boxed e-con e-parent\" data-id=\"f3816c0\" data-element_type=\"container\">\n\t\t\t\t\t<div class=\"e-con-inner\">\n\t\t<div class=\"elementor-element elementor-element-23d9694 e-flex e-con-boxed e-con e-child\" data-id=\"23d9694\" data-element_type=\"container\">\n\t\t\t\t\t<div class=\"e-con-inner\">\n\t\t\t\t<div class=\"elementor-element elementor-element-2f601bf elementor-widget elementor-widget-heading\" data-id=\"2f601bf\" data-element_type=\"widget\" data-widget_type=\"heading.default\">\n\t\t\t\t\t<h2 class=\"elementor-heading-title elementor-size-default\">Protection of your rights in expropriations and claims against the administration<\/h2>\t\t\t\t<\/div>\n\t\t\t\t\t<\/div>\n\t\t\t\t<\/div>\n\t\t<div class=\"elementor-element elementor-element-b55a557 e-flex e-con-boxed e-con e-child\" data-id=\"b55a557\" data-element_type=\"container\">\n\t\t\t\t\t<div class=\"e-con-inner\">\n\t\t\t\t<div class=\"elementor-element elementor-element-2c6cb16 elementor-widget elementor-widget-text-editor\" data-id=\"2c6cb16\" data-element_type=\"widget\" data-widget_type=\"text-editor.default\">\n\t\t\t\t\t\t\t\t\t<p>Eminent domain and claims for damages against the government can have a significant economic impact on citizens and businesses. Understanding the process, the government&#039;s obligations, and your rights allows you to act quickly and claim what you are entitled to in the event of any harmful action.<\/p><p>As an expert lawyer in the Valencian Community, I handle advice on all types of expropriation proceedings (total or partial of the property, easements, rights of way) and on claims for damages caused by the administration (public works, municipal services, omission of control, abnormal functioning, etc.).<\/p>\t\t\t\t\t\t\t\t<\/div>\n\t\t\t\t\t<\/div>\n\t\t\t\t<\/div>\n\t\t\t\t\t<\/div>\n\t\t\t\t<\/div>\n\t\t<div class=\"elementor-element elementor-element-2e4a2ca e-grid e-con-full e-con e-parent\" data-id=\"2e4a2ca\" data-element_type=\"container\" data-settings=\"{&quot;background_background&quot;:&quot;classic&quot;}\">\n\t\t<div class=\"elementor-element elementor-element-2e125cb e-con-full e-flex e-con e-child\" data-id=\"2e125cb\" data-element_type=\"container\" data-settings=\"{&quot;background_background&quot;:&quot;classic&quot;}\">\n\t\t\t\t<\/div>\n\t\t<div class=\"elementor-element elementor-element-3a99687 e-con-full e-flex e-con e-child\" data-id=\"3a99687\" data-element_type=\"container\">\n\t\t<div class=\"elementor-element elementor-element-d8a1a39 e-con-full e-flex elementor-invisible e-con e-child\" data-id=\"d8a1a39\" data-element_type=\"container\" data-settings=\"{&quot;animation&quot;:&quot;fadeInRight&quot;}\">\n\t\t\t\t<div class=\"elementor-element elementor-element-e3833a0 elementor-widget elementor-widget-heading\" data-id=\"e3833a0\" data-element_type=\"widget\" data-widget_type=\"heading.default\">\n\t\t\t\t\t<h2 class=\"elementor-heading-title elementor-size-default\"> Main legal services in expropriations and liability claims<\/h2>\t\t\t\t<\/div>\n\t\t\t\t<div class=\"elementor-element elementor-element-3e99f20 post-content elementor-widget elementor-widget-text-editor\" data-id=\"3e99f20\" data-element_type=\"widget\" data-widget_type=\"text-editor.default\">\n\t\t\t\t\t\t\t\t\t<p><strong>The most common cases we handle include:<\/strong><\/p><ul><li>Assistance in the processing and assessment of expropriation files.<\/li><li>Challenge to the declaration of public utility or the fair price.<\/li><li>Negotiation in cases of urban, agricultural or infrastructure expropriations.<\/li><li>Claims for lost profits, consequential damages and losses arising from public actions.<\/li><li>Appeals against resolutions on patrimonial liability or insufficient compensation.<\/li><\/ul><p>Specialization guarantees taking advantage of all legal avenues and obtaining the maximum possible compensation.<\/p>\t\t\t\t\t\t\t\t<\/div>\n\t\t\t\t<\/div>\n\t\t\t\t<\/div>\n\t\t\t\t<\/div>\n\t\t<div class=\"elementor-element elementor-element-ff56e23 e-flex e-con-boxed e-con e-parent\" data-id=\"ff56e23\" data-element_type=\"container\" data-settings=\"{&quot;background_background&quot;:&quot;classic&quot;}\">\n\t\t\t\t\t<div class=\"e-con-inner\">\n\t\t<div class=\"elementor-element elementor-element-a84229e e-flex e-con-boxed e-con e-child\" data-id=\"a84229e\" data-element_type=\"container\">\n\t\t\t\t\t<div class=\"e-con-inner\">\n\t\t\t\t<div class=\"elementor-element elementor-element-ab0a1ff elementor-widget elementor-widget-heading\" data-id=\"ab0a1ff\" data-element_type=\"widget\" data-widget_type=\"heading.default\">\n\t\t\t\t\t<h2 class=\"elementor-heading-title elementor-size-default\">Steps to defend yourself against expropriation or to claim damages from the administration<\/h2>\t\t\t\t<\/div>\n\t\t\t\t\t<\/div>\n\t\t\t\t<\/div>\n\t\t<div class=\"elementor-element elementor-element-61ad0ec e-flex e-con-boxed e-con e-child\" data-id=\"61ad0ec\" data-element_type=\"container\">\n\t\t\t\t\t<div class=\"e-con-inner\">\n\t\t\t\t<div class=\"elementor-element elementor-element-b0494ef post-content elementor-widget elementor-widget-text-editor\" data-id=\"b0494ef\" data-element_type=\"widget\" data-widget_type=\"text-editor.default\">\n\t\t\t\t\t\t\t\t\t<p><strong>The legal defense process is organized into several phases:<\/strong><\/p><ul><li>Analysis of administrative action, expropriation documents or claimed damages.<\/li><li>Study of the legality of the process and the economic valuation documentation.<\/li><li>Advice on alternatives: allegations, negotiation, appeals or legal action.<\/li><li>Preparation, presentation and monitoring of the file before the administration and arbitration or jurisdiction bodies.<\/li><li>Defense until obtaining compensation or a final resolution.<\/li><\/ul>\t\t\t\t\t\t\t\t<\/div>\n\t\t\t\t\t<\/div>\n\t\t\t\t<\/div>\n\t\t\t\t\t<\/div>\n\t\t\t\t<\/div>\n\t\t<div class=\"elementor-element elementor-element-197c9b9 e-flex e-con-boxed e-con e-parent\" data-id=\"197c9b9\" data-element_type=\"container\" data-settings=\"{&quot;background_background&quot;:&quot;classic&quot;}\">\n\t\t\t\t\t<div class=\"e-con-inner\">\n\t\t<div class=\"elementor-element elementor-element-4066187 e-flex e-con-boxed e-con e-child\" data-id=\"4066187\" data-element_type=\"container\">\n\t\t\t\t\t<div class=\"e-con-inner\">\n\t\t\t\t<div class=\"elementor-element elementor-element-c199b13 elementor-widget elementor-widget-heading\" data-id=\"c199b13\" data-element_type=\"widget\" data-widget_type=\"heading.default\">\n\t\t\t\t\t<h2 class=\"elementor-heading-title elementor-size-default\">Benefits of having expert support in expropriations and liability claims in Valencia<\/h2>\t\t\t\t<\/div>\n\t\t\t\t\t<\/div>\n\t\t\t\t<\/div>\n\t\t<div class=\"elementor-element elementor-element-fb4464f e-flex e-con-boxed e-con e-child\" data-id=\"fb4464f\" data-element_type=\"container\">\n\t\t\t\t\t<div class=\"e-con-inner\">\n\t\t\t\t<div class=\"elementor-element elementor-element-2f52f22 post-content elementor-widget elementor-widget-text-editor\" data-id=\"2f52f22\" data-element_type=\"widget\" data-widget_type=\"text-editor.default\">\n\t\t\t\t\t\t\t\t\t<p><strong>Expert advice allows:<\/strong><\/p><ul><li>To firmly defend your economic and property rights.<\/li><li>Identify errors or defects in the administrative file.<\/li><li>Hire experts and properly assess the damages suffered.<\/li><li>Negotiate effectively with management.<\/li><li>Minimize risks and expedite the resolution times of the procedure.<\/li><\/ul>\t\t\t\t\t\t\t\t<\/div>\n\t\t\t\t\t<\/div>\n\t\t\t\t<\/div>\n\t\t\t\t\t<\/div>\n\t\t\t\t<\/div>\n\t\t<main class=\"elementor-element elementor-element-5337352 e-grid e-con-boxed e-con e-parent\" data-id=\"5337352\" data-element_type=\"container\" data-settings=\"{&quot;background_background&quot;:&quot;classic&quot;}\">\n\t\t\t\t\t<div class=\"e-con-inner\">\n\t\t<div class=\"elementor-element elementor-element-7c7c3cd e-flex e-con-boxed e-con e-child\" data-id=\"7c7c3cd\" data-element_type=\"container\">\n\t\t\t\t\t<div class=\"e-con-inner\">\n\t\t\t\t<div class=\"elementor-element elementor-element-3ae67e2 elementor-widget__width-initial animated-slow elementor-widget elementor-widget-heading\" data-id=\"3ae67e2\" data-element_type=\"widget\" data-settings=\"{&quot;_animation&quot;:&quot;none&quot;,&quot;_animation_delay&quot;:50}\" data-widget_type=\"heading.default\">\n\t\t\t\t\t<h3 class=\"elementor-heading-title elementor-size-default\">Check your case of expropriation or property damage in the Valencian Community\n<\/h3>\t\t\t\t<\/div>\n\t\t\t\t<div class=\"elementor-element elementor-element-621c724 elementor-widget__width-initial elementor-invisible elementor-widget elementor-widget-text-editor\" data-id=\"621c724\" data-element_type=\"widget\" data-settings=\"{&quot;_animation&quot;:&quot;fadeIn&quot;,&quot;_animation_delay&quot;:600}\" data-widget_type=\"text-editor.default\">\n\t\t\t\t\t\t\t\t\t<p>If you have received a notification or suspect that the administration has caused you harm, consult today without obligation so that we can assess your situation and advise you on the best steps to take.<\/p>\t\t\t\t\t\t\t\t<\/div>\n\t\t\t\t\t<\/div>\n\t\t\t\t<\/div>\n\t\t<div class=\"elementor-element elementor-element-4b17dc2 e-con-full e-flex e-con e-child\" data-id=\"4b17dc2\" data-element_type=\"container\" data-settings=\"{&quot;background_background&quot;:&quot;classic&quot;}\">\n\t\t\t\t<div class=\"elementor-element elementor-element-45cfd0d elementor-widget elementor-widget-shortcode\" data-id=\"45cfd0d\" data-element_type=\"widget\" data-widget_type=\"shortcode.default\">\n\t\t\t\t\t\t\t<div class=\"elementor-shortcode\">\n<div class=\"wpcf7 no-js\" id=\"wpcf7-f357-o1\" lang=\"es-ES\" dir=\"ltr\" data-wpcf7-id=\"357\">\n<div class=\"screen-reader-response\"><p role=\"status\" aria-live=\"polite\" aria-atomic=\"true\"><\/p> <ul><\/ul><\/div>\n<form action=\"\/en\/wp-json\/wp\/v2\/pages\/1039#wpcf7-f357-o1\" method=\"post\" class=\"wpcf7-form init\" aria-label=\"Contact form\" novalidate=\"novalidate\" data-status=\"init\" data-trp-original-action=\"\/en\/wp-json\/wp\/v2\/pages\/1039#wpcf7-f357-o1\">\n<fieldset class=\"hidden-fields-container\"><input type=\"hidden\" name=\"_wpcf7\" value=\"357\" \/><input type=\"hidden\" name=\"_wpcf7_version\" value=\"6.1.4\" \/><input type=\"hidden\" name=\"_wpcf7_locale\" value=\"es_ES\" \/><input type=\"hidden\" name=\"_wpcf7_unit_tag\" value=\"wpcf7-f357-o1\" \/><input type=\"hidden\" name=\"_wpcf7_container_post\" value=\"0\" \/><input type=\"hidden\" name=\"_wpcf7_posted_data_hash\" value=\"\" \/><input type=\"hidden\" name=\"_wpcf7_recaptcha_response\" value=\"\" \/>\n<\/fieldset>\n<div class=\"formulari contacte\">\n\t<div class=\"formulari-row\">\n\t\t<div class=\"formulari-col\">\n\t\t\t<p><label class=\"form-group\"><span class=\"label\">Name *<\/span><span class=\"wpcf7-form-control-wrap\" data-name=\"your-name\"><input size=\"40\" maxlength=\"400\" class=\"wpcf7-form-control wpcf7-text wpcf7-validates-as-required form-input\" aria-required=\"true\" aria-invalid=\"false\" placeholder=\"Name*\" value=\"\" type=\"text\" name=\"your-name\" \/><\/span> <\/label>\n\t\t\t<\/p>\n\t\t<\/div>\n\t\t<div class=\"formulari-col\">\n\t\t\t<p><label class=\"form-group\"><span class=\"label\">Last Name *<\/span><span class=\"wpcf7-form-control-wrap\" data-name=\"Apellidos\"><input size=\"40\" maxlength=\"400\" class=\"wpcf7-form-control wpcf7-text form-input\" aria-invalid=\"false\" placeholder=\"Last Name *\" value=\"\" type=\"text\" name=\"Apellidos\" \/><\/span> <\/label>\n\t\t\t<\/p>\n\t\t<\/div>\n\t\t<div class=\"formulari-col\">\n\t\t\t<p><label class=\"form-group\"><span class=\"label\">Email *<\/span><span class=\"wpcf7-form-control-wrap\" data-name=\"your-email\"><input size=\"40\" maxlength=\"400\" class=\"wpcf7-form-control wpcf7-email wpcf7-validates-as-required wpcf7-text wpcf7-validates-as-email form-input\" aria-required=\"true\" aria-invalid=\"false\" placeholder=\"Email *\" value=\"\" type=\"email\" name=\"your-email\" \/><\/span> <\/label>\n\t\t\t<\/p>\n\t\t<\/div>\n\t\t<div class=\"formulari-col\">\n\t\t\t<p><label class=\"form-group\"><span class=\"label\">Phone *<\/span><span class=\"wpcf7-form-control-wrap\" data-name=\"Phone\"><input size=\"40\" maxlength=\"400\" class=\"wpcf7-form-control wpcf7-tel wpcf7-text wpcf7-validates-as-tel form-input\" aria-invalid=\"false\" placeholder=\"Phone *\" value=\"\" type=\"tel\" name=\"Phone\" \/><\/span> <\/label>\n\t\t\t<\/p>\n\t\t<\/div>\n\t<\/div>\n\t<p><label class=\"form-textarea\"><span class=\"label\">Consultation<\/span><span class=\"wpcf7-form-control-wrap\" data-name=\"your-message\"><textarea cols=\"40\" rows=\"6\" maxlength=\"2000\" class=\"wpcf7-form-control wpcf7-textarea form-textarea\" aria-invalid=\"false\" placeholder=\"I want information about...\" name=\"your-message\"><\/textarea><\/span><\/label>\n\t<\/p>\n\t<p class=\"drets\">As data controllers, we will process your data to send you information and commercial updates about our services. You can access, rectify, and delete your data, as well as exercise other rights, by consulting the additional and detailed information on data protection in our <a href=\"\/en\/politica-de-privacidad\/\">Privacy Policy<\/a>.\n\t<\/p>\n\t<p class=\"drets\"><span class=\"wpcf7-form-control-wrap\" data-name=\"acceptance-btn\"><span class=\"wpcf7-form-control wpcf7-acceptance\"><span class=\"wpcf7-list-item\"><label><input type=\"checkbox\" name=\"acceptance-btn\" value=\"1\" aria-invalid=\"false\" \/><span class=\"wpcf7-list-item-label\">I understand and accept the <a href=\"\/en\/politica-de-privacidad\/\">Privacy Policy<\/a>.<\/span><\/label><\/span><\/span><\/span>\n\t<\/p>\n\t<div class=\"enviar\">\n\t\t<p><input class=\"wpcf7-form-control wpcf7-submit has-spinner\" type=\"submit\" value=\"Send\" \/>\n\t\t<\/p>\n\t<\/div>\n<\/div><div class=\"wpcf7-response-output\" aria-hidden=\"true\"><\/div>\n<input type=\"hidden\" name=\"trp-form-language\" value=\"en\"\/><\/form>\n<\/div>\n<\/div>\n\t\t\t\t\t\t<\/div>\n\t\t\t\t<\/div>\n\t\t\t\t\t<\/div>\n\t\t\t\t<\/main>\n\t\t\t\t<\/div>","protected":false},"excerpt":{"rendered":"<p>Defensa en expropiaciones y reclamaciones por responsabilidad patrimonial Inicio Protecci\u00f3n de tus derechos en expropiaciones y reclamaciones frente a la administraci\u00f3n Las expropiaciones forzosas y las reclamaciones por responsabilidad patrimonial frente a la administraci\u00f3n pueden tener un impacto econ\u00f3mico muy importante sobre ciudadanos y empresas. Entender el proceso, las obligaciones de la administraci\u00f3n y tus [&hellip;]<\/p>","protected":false},"author":2,"featured_media":0,"parent":717,"menu_order":0,"comment_status":"closed","ping_status":"closed","template":"","meta":{"_acf_changed":false,"footnotes":""},"class_list":["post-1039","page","type-page","status-publish","hentry"],"acf":[],"yoast_head":"<!-- This site is optimized with the Yoast SEO plugin v26.6 - https:\/\/yoast.com\/wordpress\/plugins\/seo\/ -->\n<title>Expropiaciones y reclamaciones en responsabilidad patrimonial - Lidia Navas Esteller<\/title>\n<meta name=\"description\" content=\"Recibe asesoramiento cercano en Expropiaciones y reclamaciones en responsabilidad patrimonial en toda la zona de la Comunidad Valenciana.\" \/>\n<meta name=\"robots\" content=\"index, follow, max-snippet:-1, max-image-preview:large, max-video-preview:-1\" \/>\n<link rel=\"canonical\" href=\"https:\/\/lidianavasabogada.com\/en\/derecho-administrativo\/expropiaciones-y-reclamaciones-en-responsabilidad-patrimonial\/\" \/>\n<meta property=\"og:locale\" content=\"en_US\" \/>\n<meta property=\"og:type\" content=\"article\" \/>\n<meta property=\"og:title\" content=\"Expropiaciones y reclamaciones en responsabilidad patrimonial - Lidia Navas Esteller\" \/>\n<meta property=\"og:description\" content=\"Recibe asesoramiento cercano en Expropiaciones y reclamaciones en responsabilidad patrimonial en toda la zona de la Comunidad Valenciana.\" \/>\n<meta property=\"og:url\" content=\"https:\/\/lidianavasabogada.com\/en\/derecho-administrativo\/expropiaciones-y-reclamaciones-en-responsabilidad-patrimonial\/\" \/>\n<meta property=\"og:site_name\" content=\"Lidia Navas Esteller\" \/>\n<meta property=\"article:modified_time\" content=\"2025-12-29T10:02:37+00:00\" \/>\n<meta name=\"twitter:card\" content=\"summary_large_image\" \/>\n<meta name=\"twitter:label1\" content=\"Est. reading time\" \/>\n\t<meta name=\"twitter:data1\" content=\"2 minutes\" \/>\n<script type=\"application\/ld+json\" class=\"yoast-schema-graph\">{\"@context\":\"https:\/\/schema.org\",\"@graph\":[{\"@type\":\"WebPage\",\"@id\":\"https:\/\/lidianavasabogada.com\/derecho-administrativo\/expropiaciones-y-reclamaciones-en-responsabilidad-patrimonial\/\",\"url\":\"https:\/\/lidianavasabogada.com\/derecho-administrativo\/expropiaciones-y-reclamaciones-en-responsabilidad-patrimonial\/\",\"name\":\"Expropiaciones y reclamaciones en responsabilidad patrimonial - Lidia Navas Esteller\",\"isPartOf\":{\"@id\":\"https:\/\/lidianavasabogada.com\/#website\"},\"datePublished\":\"2025-12-09T10:44:40+00:00\",\"dateModified\":\"2025-12-29T10:02:37+00:00\",\"description\":\"Recibe asesoramiento cercano en Expropiaciones y reclamaciones en responsabilidad patrimonial en toda la zona de la Comunidad Valenciana.\",\"breadcrumb\":{\"@id\":\"https:\/\/lidianavasabogada.com\/derecho-administrativo\/expropiaciones-y-reclamaciones-en-responsabilidad-patrimonial\/#breadcrumb\"},\"inLanguage\":\"en-US\",\"potentialAction\":[{\"@type\":\"ReadAction\",\"target\":[\"https:\/\/lidianavasabogada.com\/derecho-administrativo\/expropiaciones-y-reclamaciones-en-responsabilidad-patrimonial\/\"]}]},{\"@type\":\"BreadcrumbList\",\"@id\":\"https:\/\/lidianavasabogada.com\/derecho-administrativo\/expropiaciones-y-reclamaciones-en-responsabilidad-patrimonial\/#breadcrumb\",\"itemListElement\":[{\"@type\":\"ListItem\",\"position\":1,\"name\":\"Portada\",\"item\":\"https:\/\/lidianavasabogada.com\/\"},{\"@type\":\"ListItem\",\"position\":2,\"name\":\"Derecho administrativo\",\"item\":\"https:\/\/lidianavasabogada.com\/derecho-administrativo\/\"},{\"@type\":\"ListItem\",\"position\":3,\"name\":\"Expropiaciones y responsabilidad patrimonial\"}]},{\"@type\":\"WebSite\",\"@id\":\"https:\/\/lidianavasabogada.com\/#website\",\"url\":\"https:\/\/lidianavasabogada.com\/\",\"name\":\"Lidia Navas Esteller\",\"description\":\"Abogada derecho administrativo\",\"publisher\":{\"@id\":\"https:\/\/lidianavasabogada.com\/#organization\"},\"potentialAction\":[{\"@type\":\"SearchAction\",\"target\":{\"@type\":\"EntryPoint\",\"urlTemplate\":\"https:\/\/lidianavasabogada.com\/?s={search_term_string}\"},\"query-input\":{\"@type\":\"PropertyValueSpecification\",\"valueRequired\":true,\"valueName\":\"search_term_string\"}}],\"inLanguage\":\"en-US\"},{\"@type\":\"Organization\",\"@id\":\"https:\/\/lidianavasabogada.com\/#organization\",\"name\":\"Lidia Navas Esteller\",\"url\":\"https:\/\/lidianavasabogada.com\/\",\"logo\":{\"@type\":\"ImageObject\",\"inLanguage\":\"en-US\",\"@id\":\"https:\/\/lidianavasabogada.com\/#\/schema\/logo\/image\/\",\"url\":\"https:\/\/lidianavasabogada.com\/wp-content\/uploads\/2025\/10\/logo-lidia-navas.jpg\",\"contentUrl\":\"https:\/\/lidianavasabogada.com\/wp-content\/uploads\/2025\/10\/logo-lidia-navas.jpg\",\"width\":662,\"height\":208,\"caption\":\"Lidia Navas Esteller\"},\"image\":{\"@id\":\"https:\/\/lidianavasabogada.com\/#\/schema\/logo\/image\/\"}}]}<\/script>\n<!-- \/ Yoast SEO plugin. -->","yoast_head_json":{"title":"Expropiaciones y reclamaciones en responsabilidad patrimonial - Lidia Navas Esteller","description":"Recibe asesoramiento cercano en Expropiaciones y reclamaciones en responsabilidad patrimonial en toda la zona de la Comunidad Valenciana.","robots":{"index":"index","follow":"follow","max-snippet":"max-snippet:-1","max-image-preview":"max-image-preview:large","max-video-preview":"max-video-preview:-1"},"canonical":"https:\/\/lidianavasabogada.com\/en\/derecho-administrativo\/expropiaciones-y-reclamaciones-en-responsabilidad-patrimonial\/","og_locale":"en_US","og_type":"article","og_title":"Expropiaciones y reclamaciones en responsabilidad patrimonial - Lidia Navas Esteller","og_description":"Recibe asesoramiento cercano en Expropiaciones y reclamaciones en responsabilidad patrimonial en toda la zona de la Comunidad Valenciana.","og_url":"https:\/\/lidianavasabogada.com\/en\/derecho-administrativo\/expropiaciones-y-reclamaciones-en-responsabilidad-patrimonial\/","og_site_name":"Lidia Navas Esteller","article_modified_time":"2025-12-29T10:02:37+00:00","twitter_card":"summary_large_image","twitter_misc":{"Est. reading time":"2 minutes"},"schema":{"@context":"https:\/\/schema.org","@graph":[{"@type":"WebPage","@id":"https:\/\/lidianavasabogada.com\/derecho-administrativo\/expropiaciones-y-reclamaciones-en-responsabilidad-patrimonial\/","url":"https:\/\/lidianavasabogada.com\/derecho-administrativo\/expropiaciones-y-reclamaciones-en-responsabilidad-patrimonial\/","name":"Expropiaciones y reclamaciones en responsabilidad patrimonial - Lidia Navas Esteller","isPartOf":{"@id":"https:\/\/lidianavasabogada.com\/#website"},"datePublished":"2025-12-09T10:44:40+00:00","dateModified":"2025-12-29T10:02:37+00:00","description":"Recibe asesoramiento cercano en Expropiaciones y reclamaciones en responsabilidad patrimonial en toda la zona de la Comunidad Valenciana.","breadcrumb":{"@id":"https:\/\/lidianavasabogada.com\/derecho-administrativo\/expropiaciones-y-reclamaciones-en-responsabilidad-patrimonial\/#breadcrumb"},"inLanguage":"en-US","potentialAction":[{"@type":"ReadAction","target":["https:\/\/lidianavasabogada.com\/derecho-administrativo\/expropiaciones-y-reclamaciones-en-responsabilidad-patrimonial\/"]}]},{"@type":"BreadcrumbList","@id":"https:\/\/lidianavasabogada.com\/derecho-administrativo\/expropiaciones-y-reclamaciones-en-responsabilidad-patrimonial\/#breadcrumb","itemListElement":[{"@type":"ListItem","position":1,"name":"Portada","item":"https:\/\/lidianavasabogada.com\/"},{"@type":"ListItem","position":2,"name":"Derecho administrativo","item":"https:\/\/lidianavasabogada.com\/derecho-administrativo\/"},{"@type":"ListItem","position":3,"name":"Expropiaciones y responsabilidad patrimonial"}]},{"@type":"WebSite","@id":"https:\/\/lidianavasabogada.com\/#website","url":"https:\/\/lidianavasabogada.com\/","name":"Lidia Navas Esteller","description":"Abogada derecho administrativo","publisher":{"@id":"https:\/\/lidianavasabogada.com\/#organization"},"potentialAction":[{"@type":"SearchAction","target":{"@type":"EntryPoint","urlTemplate":"https:\/\/lidianavasabogada.com\/?s={search_term_string}"},"query-input":{"@type":"PropertyValueSpecification","valueRequired":true,"valueName":"search_term_string"}}],"inLanguage":"en-US"},{"@type":"Organization","@id":"https:\/\/lidianavasabogada.com\/#organization","name":"Lidia Navas Esteller","url":"https:\/\/lidianavasabogada.com\/","logo":{"@type":"ImageObject","inLanguage":"en-US","@id":"https:\/\/lidianavasabogada.com\/#\/schema\/logo\/image\/","url":"https:\/\/lidianavasabogada.com\/wp-content\/uploads\/2025\/10\/logo-lidia-navas.jpg","contentUrl":"https:\/\/lidianavasabogada.com\/wp-content\/uploads\/2025\/10\/logo-lidia-navas.jpg","width":662,"height":208,"caption":"Lidia Navas Esteller"},"image":{"@id":"https:\/\/lidianavasabogada.com\/#\/schema\/logo\/image\/"}}]}},"_links":{"self":[{"href":"https:\/\/lidianavasabogada.com\/en\/wp-json\/wp\/v2\/pages\/1039","targetHints":{"allow":["GET"]}}],"collection":[{"href":"https:\/\/lidianavasabogada.com\/en\/wp-json\/wp\/v2\/pages"}],"about":[{"href":"https:\/\/lidianavasabogada.com\/en\/wp-json\/wp\/v2\/types\/page"}],"author":[{"embeddable":true,"href":"https:\/\/lidianavasabogada.com\/en\/wp-json\/wp\/v2\/users\/2"}],"replies":[{"embeddable":true,"href":"https:\/\/lidianavasabogada.com\/en\/wp-json\/wp\/v2\/comments?post=1039"}],"version-history":[{"count":10,"href":"https:\/\/lidianavasabogada.com\/en\/wp-json\/wp\/v2\/pages\/1039\/revisions"}],"predecessor-version":[{"id":1996,"href":"https:\/\/lidianavasabogada.com\/en\/wp-json\/wp\/v2\/pages\/1039\/revisions\/1996"}],"up":[{"embeddable":true,"href":"https:\/\/lidianavasabogada.com\/en\/wp-json\/wp\/v2\/pages\/717"}],"wp:attachment":[{"href":"https:\/\/lidianavasabogada.com\/en\/wp-json\/wp\/v2\/media?parent=1039"}],"curies":[{"name":"wp","href":"https:\/\/api.w.org\/{rel}","templated":true}]}}