{"id":1040,"date":"2025-12-09T10:45:00","date_gmt":"2025-12-09T10:45:00","guid":{"rendered":"https:\/\/lidianavasabogada.com\/?page_id=1040"},"modified":"2025-12-29T10:05:17","modified_gmt":"2025-12-29T10:05:17","slug":"procedimientos-contencioso-administrativos","status":"publish","type":"page","link":"https:\/\/lidianavasabogada.com\/en\/derecho-administrativo\/procedimientos-contencioso-administrativos\/","title":{"rendered":"Contentious-administrative procedures"},"content":{"rendered":"<div data-elementor-type=\"wp-page\" data-elementor-id=\"1040\" class=\"elementor elementor-1040\" data-elementor-post-type=\"page\">\n\t\t\t\t<main class=\"elementor-element elementor-element-e7a424b e-con-full e-flex e-con e-parent\" data-id=\"e7a424b\" data-element_type=\"container\" data-settings=\"{&quot;background_background&quot;:&quot;classic&quot;}\">\n\t\t<div class=\"elementor-element elementor-element-ff4d2b8 e-flex e-con-boxed e-con e-child\" data-id=\"ff4d2b8\" data-element_type=\"container\">\n\t\t\t\t\t<div class=\"e-con-inner\">\n\t\t\t\t<div class=\"elementor-element elementor-element-b308295 animated-slow elementor-widget__width-initial elementor-widget-mobile__width-inherit elementor-widget elementor-widget-heading\" data-id=\"b308295\" data-element_type=\"widget\" data-settings=\"{&quot;_animation&quot;:&quot;none&quot;,&quot;_animation_delay&quot;:50}\" data-widget_type=\"heading.default\">\n\t\t\t\t\t<h1 class=\"elementor-heading-title elementor-size-default\">Defense in proceedings <br>administrative litigation \n<\/h1>\t\t\t\t<\/div>\n\t\t\t\t<div class=\"elementor-element elementor-element-d890bf2 elementor-widget elementor-widget-eloi_breadcrumb\" data-id=\"d890bf2\" data-element_type=\"widget\" data-widget_type=\"eloi_breadcrumb.default\">\n\t\t\t\t<div class=\"elementor-widget-container\">\n\t\t\t\t\t<nav class=\"breadcrumb\" aria-label=\"breadcrumb\"><a href=\"https:\/\/lidianavasabogada.com\/en\">Start<\/a><\/nav>\t\t\t\t<\/div>\n\t\t\t\t<\/div>\n\t\t\t\t\t<\/div>\n\t\t\t\t<\/div>\n\t\t\t\t<\/main>\n\t\t<div class=\"elementor-element elementor-element-38eb4b4 e-flex e-con-boxed e-con e-parent\" data-id=\"38eb4b4\" data-element_type=\"container\">\n\t\t\t\t\t<div class=\"e-con-inner\">\n\t\t<div class=\"elementor-element elementor-element-b907971 e-flex e-con-boxed e-con e-child\" data-id=\"b907971\" data-element_type=\"container\">\n\t\t\t\t\t<div class=\"e-con-inner\">\n\t\t\t\t<div class=\"elementor-element elementor-element-84c92a0 elementor-widget elementor-widget-heading\" data-id=\"84c92a0\" data-element_type=\"widget\" data-widget_type=\"heading.default\">\n\t\t\t\t\t<h2 class=\"elementor-heading-title elementor-size-default\">Legal representation against the public administration in Castell\u00f3n<\/h2>\t\t\t\t<\/div>\n\t\t\t\t\t<\/div>\n\t\t\t\t<\/div>\n\t\t<div class=\"elementor-element elementor-element-70eb1c9 e-flex e-con-boxed e-con e-child\" data-id=\"70eb1c9\" data-element_type=\"container\">\n\t\t\t\t\t<div class=\"e-con-inner\">\n\t\t\t\t<div class=\"elementor-element elementor-element-348a418 elementor-widget elementor-widget-text-editor\" data-id=\"348a418\" data-element_type=\"widget\" data-widget_type=\"text-editor.default\">\n\t\t\t\t\t\t\t\t\t<p>When it is not possible to resolve a conflict with the administration through administrative appeals, the last resort is to pursue legal action through administrative litigation. These proceedings allow for the review in court of any decision, sanction, or administrative action that infringes upon the rights and interests of both individuals and companies.<\/p><p>As a specialized lawyer, I handle the preparation of your legal case, represent you in court, file lawsuits and arguments, and defend your interests until a judgment is obtained. My knowledge of the procedures in the courts of Valencia is essential to achieving the best possible outcome.<\/p>\t\t\t\t\t\t\t\t<\/div>\n\t\t\t\t\t<\/div>\n\t\t\t\t<\/div>\n\t\t\t\t\t<\/div>\n\t\t\t\t<\/div>\n\t\t<div class=\"elementor-element elementor-element-145ed96 e-grid e-con-full e-con e-parent\" data-id=\"145ed96\" data-element_type=\"container\" data-settings=\"{&quot;background_background&quot;:&quot;classic&quot;}\">\n\t\t<div class=\"elementor-element elementor-element-5b0acce e-con-full e-flex e-con e-child\" data-id=\"5b0acce\" data-element_type=\"container\" data-settings=\"{&quot;background_background&quot;:&quot;classic&quot;}\">\n\t\t\t\t<\/div>\n\t\t<div class=\"elementor-element elementor-element-b05edbf e-con-full e-flex e-con e-child\" data-id=\"b05edbf\" data-element_type=\"container\">\n\t\t<div class=\"elementor-element elementor-element-6b75070 e-con-full e-flex elementor-invisible e-con e-child\" data-id=\"6b75070\" data-element_type=\"container\" data-settings=\"{&quot;animation&quot;:&quot;fadeInRight&quot;}\">\n\t\t\t\t<div class=\"elementor-element elementor-element-13d5419 elementor-widget elementor-widget-heading\" data-id=\"13d5419\" data-element_type=\"widget\" data-widget_type=\"heading.default\">\n\t\t\t\t\t<h2 class=\"elementor-heading-title elementor-size-default\">Common cases that require contentious-administrative defense<\/h2>\t\t\t\t<\/div>\n\t\t\t\t<div class=\"elementor-element elementor-element-1109b6d post-content elementor-widget elementor-widget-text-editor\" data-id=\"1109b6d\" data-element_type=\"widget\" data-widget_type=\"text-editor.default\">\n\t\t\t\t\t\t\t\t\t<p><strong>Our professional intervention includes:<\/strong><\/p><ul><li>Judicial challenge of administrative sanctions of various kinds.<\/li><li>Appeals against license refusals or administrative inaction.<\/li><li>Claims for property and urban planning compensation.<\/li><li>Request for precautionary measures to prevent damages while the process lasts.<\/li><li>Execution of judgments and follow-up before the administration.<\/li><\/ul><p>The contentious-administrative process is protective of rights but requires adequate argumentation and compliance with strict legal deadlines.<\/p>\t\t\t\t\t\t\t\t<\/div>\n\t\t\t\t<\/div>\n\t\t\t\t<\/div>\n\t\t\t\t<\/div>\n\t\t<div class=\"elementor-element elementor-element-7ef2137 e-flex e-con-boxed e-con e-parent\" data-id=\"7ef2137\" data-element_type=\"container\" data-settings=\"{&quot;background_background&quot;:&quot;classic&quot;}\">\n\t\t\t\t\t<div class=\"e-con-inner\">\n\t\t<div class=\"elementor-element elementor-element-8b31cc7 e-flex e-con-boxed e-con e-child\" data-id=\"8b31cc7\" data-element_type=\"container\">\n\t\t\t\t\t<div class=\"e-con-inner\">\n\t\t\t\t<div class=\"elementor-element elementor-element-02a603e elementor-widget elementor-widget-heading\" data-id=\"02a603e\" data-element_type=\"widget\" data-widget_type=\"heading.default\">\n\t\t\t\t\t<h2 class=\"elementor-heading-title elementor-size-default\">Stages of the contentious-administrative procedure explained step by step<\/h2>\t\t\t\t<\/div>\n\t\t\t\t\t<\/div>\n\t\t\t\t<\/div>\n\t\t<div class=\"elementor-element elementor-element-ba31206 e-flex e-con-boxed e-con e-child\" data-id=\"ba31206\" data-element_type=\"container\">\n\t\t\t\t\t<div class=\"e-con-inner\">\n\t\t\t\t<div class=\"elementor-element elementor-element-501f6dd post-content elementor-widget elementor-widget-text-editor\" data-id=\"501f6dd\" data-element_type=\"widget\" data-widget_type=\"text-editor.default\">\n\t\t\t\t\t\t\t\t\t<p><strong>The typical procedure includes:<\/strong><\/p><ul><li>Legal feasibility study of the claim and review of the entire prior administrative file.<\/li><li>Drafting and filing the lawsuit before the competent court in Valencia.<\/li><li>Participation in hearings, presentation of evidence and oral defense.<\/li><li>Management of appeal resources, if the judgment is not favorable.<\/li><li>We will communicate with you regularly to explain progress and next steps.<\/li><\/ul><p>Proper legal representation is key to asserting your rights against public administration.<\/p>\t\t\t\t\t\t\t\t<\/div>\n\t\t\t\t\t<\/div>\n\t\t\t\t<\/div>\n\t\t\t\t\t<\/div>\n\t\t\t\t<\/div>\n\t\t<div class=\"elementor-element elementor-element-e6f829e e-flex e-con-boxed e-con e-parent\" data-id=\"e6f829e\" data-element_type=\"container\" data-settings=\"{&quot;background_background&quot;:&quot;classic&quot;}\">\n\t\t\t\t\t<div class=\"e-con-inner\">\n\t\t<div class=\"elementor-element elementor-element-1b109d7 e-flex e-con-boxed e-con e-child\" data-id=\"1b109d7\" data-element_type=\"container\">\n\t\t\t\t\t<div class=\"e-con-inner\">\n\t\t\t\t<div class=\"elementor-element elementor-element-76fbeb1 elementor-widget elementor-widget-heading\" data-id=\"76fbeb1\" data-element_type=\"widget\" data-widget_type=\"heading.default\">\n\t\t\t\t\t<h2 class=\"elementor-heading-title elementor-size-default\">Importance of an expert lawyer in contentious-administrative proceedings <\/h2>\t\t\t\t<\/div>\n\t\t\t\t\t<\/div>\n\t\t\t\t<\/div>\n\t\t<div class=\"elementor-element elementor-element-d9f71b6 e-flex e-con-boxed e-con e-child\" data-id=\"d9f71b6\" data-element_type=\"container\">\n\t\t\t\t\t<div class=\"e-con-inner\">\n\t\t\t\t<div class=\"elementor-element elementor-element-76684db post-content elementor-widget elementor-widget-text-editor\" data-id=\"76684db\" data-element_type=\"widget\" data-widget_type=\"text-editor.default\">\n\t\t\t\t\t\t\t\t\t<p>Having expert help from the outset maximizes the likelihood of success and prevents claims from being dismissed due to procedural or substantive defects. Furthermore, professional preparation minimizes time and costs, providing peace of mind throughout the legal process.<\/p>\t\t\t\t\t\t\t\t<\/div>\n\t\t\t\t\t<\/div>\n\t\t\t\t<\/div>\n\t\t\t\t\t<\/div>\n\t\t\t\t<\/div>\n\t\t<main class=\"elementor-element elementor-element-cd394f5 e-grid e-con-boxed e-con e-parent\" data-id=\"cd394f5\" data-element_type=\"container\" data-settings=\"{&quot;background_background&quot;:&quot;classic&quot;}\">\n\t\t\t\t\t<div class=\"e-con-inner\">\n\t\t<div class=\"elementor-element elementor-element-def24dc e-flex e-con-boxed e-con e-child\" data-id=\"def24dc\" data-element_type=\"container\">\n\t\t\t\t\t<div class=\"e-con-inner\">\n\t\t\t\t<div class=\"elementor-element elementor-element-57c9128 elementor-widget__width-initial animated-slow elementor-widget elementor-widget-heading\" data-id=\"57c9128\" data-element_type=\"widget\" data-settings=\"{&quot;_animation&quot;:&quot;none&quot;,&quot;_animation_delay&quot;:50}\" data-widget_type=\"heading.default\">\n\t\t\t\t\t<h3 class=\"elementor-heading-title elementor-size-default\">Request an assessment of your contentious-administrative case in the Valencian Community<\/h3>\t\t\t\t<\/div>\n\t\t\t\t<div class=\"elementor-element elementor-element-e3ef0ed elementor-widget__width-initial elementor-invisible elementor-widget elementor-widget-text-editor\" data-id=\"e3ef0ed\" data-element_type=\"widget\" data-settings=\"{&quot;_animation&quot;:&quot;fadeIn&quot;,&quot;_animation_delay&quot;:600}\" data-widget_type=\"text-editor.default\">\n\t\t\t\t\t\t\t\t\t<p>Are you facing a dispute with the public administration and need legal representation? Explain your situation and receive an initial assessment of the viability of your case and the legal options available to you.<\/p>\t\t\t\t\t\t\t\t<\/div>\n\t\t\t\t\t<\/div>\n\t\t\t\t<\/div>\n\t\t<div class=\"elementor-element elementor-element-c04f36e e-con-full e-flex e-con e-child\" data-id=\"c04f36e\" data-element_type=\"container\" data-settings=\"{&quot;background_background&quot;:&quot;classic&quot;}\">\n\t\t\t\t<div class=\"elementor-element elementor-element-cf7e5dd elementor-widget elementor-widget-shortcode\" data-id=\"cf7e5dd\" data-element_type=\"widget\" data-widget_type=\"shortcode.default\">\n\t\t\t\t\t\t\t<div class=\"elementor-shortcode\">\n<div class=\"wpcf7 no-js\" id=\"wpcf7-f357-o1\" lang=\"es-ES\" dir=\"ltr\" data-wpcf7-id=\"357\">\n<div class=\"screen-reader-response\"><p role=\"status\" aria-live=\"polite\" aria-atomic=\"true\"><\/p> <ul><\/ul><\/div>\n<form action=\"\/en\/wp-json\/wp\/v2\/pages\/1040#wpcf7-f357-o1\" method=\"post\" class=\"wpcf7-form init\" aria-label=\"Contact form\" novalidate=\"novalidate\" data-status=\"init\" data-trp-original-action=\"\/en\/wp-json\/wp\/v2\/pages\/1040#wpcf7-f357-o1\">\n<fieldset class=\"hidden-fields-container\"><input type=\"hidden\" name=\"_wpcf7\" value=\"357\" \/><input type=\"hidden\" name=\"_wpcf7_version\" value=\"6.1.4\" \/><input type=\"hidden\" name=\"_wpcf7_locale\" value=\"es_ES\" \/><input type=\"hidden\" name=\"_wpcf7_unit_tag\" value=\"wpcf7-f357-o1\" \/><input type=\"hidden\" name=\"_wpcf7_container_post\" value=\"0\" \/><input type=\"hidden\" name=\"_wpcf7_posted_data_hash\" value=\"\" \/><input type=\"hidden\" name=\"_wpcf7_recaptcha_response\" value=\"\" \/>\n<\/fieldset>\n<div class=\"formulari contacte\">\n\t<div class=\"formulari-row\">\n\t\t<div class=\"formulari-col\">\n\t\t\t<p><label class=\"form-group\"><span class=\"label\">Name *<\/span><span class=\"wpcf7-form-control-wrap\" data-name=\"your-name\"><input size=\"40\" maxlength=\"400\" class=\"wpcf7-form-control wpcf7-text wpcf7-validates-as-required form-input\" aria-required=\"true\" aria-invalid=\"false\" placeholder=\"Name*\" value=\"\" type=\"text\" name=\"your-name\" \/><\/span> <\/label>\n\t\t\t<\/p>\n\t\t<\/div>\n\t\t<div class=\"formulari-col\">\n\t\t\t<p><label class=\"form-group\"><span class=\"label\">Last Name *<\/span><span class=\"wpcf7-form-control-wrap\" data-name=\"Apellidos\"><input size=\"40\" maxlength=\"400\" class=\"wpcf7-form-control wpcf7-text form-input\" aria-invalid=\"false\" placeholder=\"Last Name *\" value=\"\" type=\"text\" name=\"Apellidos\" \/><\/span> <\/label>\n\t\t\t<\/p>\n\t\t<\/div>\n\t\t<div class=\"formulari-col\">\n\t\t\t<p><label class=\"form-group\"><span class=\"label\">Email *<\/span><span class=\"wpcf7-form-control-wrap\" data-name=\"your-email\"><input size=\"40\" maxlength=\"400\" class=\"wpcf7-form-control wpcf7-email wpcf7-validates-as-required wpcf7-text wpcf7-validates-as-email form-input\" aria-required=\"true\" aria-invalid=\"false\" placeholder=\"Email *\" value=\"\" type=\"email\" name=\"your-email\" \/><\/span> <\/label>\n\t\t\t<\/p>\n\t\t<\/div>\n\t\t<div class=\"formulari-col\">\n\t\t\t<p><label class=\"form-group\"><span class=\"label\">Phone *<\/span><span class=\"wpcf7-form-control-wrap\" data-name=\"Phone\"><input size=\"40\" maxlength=\"400\" class=\"wpcf7-form-control wpcf7-tel wpcf7-text wpcf7-validates-as-tel form-input\" aria-invalid=\"false\" placeholder=\"Phone *\" value=\"\" type=\"tel\" name=\"Phone\" \/><\/span> <\/label>\n\t\t\t<\/p>\n\t\t<\/div>\n\t<\/div>\n\t<p><label class=\"form-textarea\"><span class=\"label\">Consultation<\/span><span class=\"wpcf7-form-control-wrap\" data-name=\"your-message\"><textarea cols=\"40\" rows=\"6\" maxlength=\"2000\" class=\"wpcf7-form-control wpcf7-textarea form-textarea\" aria-invalid=\"false\" placeholder=\"I want information about...\" name=\"your-message\"><\/textarea><\/span><\/label>\n\t<\/p>\n\t<p class=\"drets\">As data controllers, we will process your data to send you information and commercial updates about our services. You can access, rectify, and delete your data, as well as exercise other rights, by consulting the additional and detailed information on data protection in our <a href=\"\/en\/politica-de-privacidad\/\">Privacy Policy<\/a>.\n\t<\/p>\n\t<p class=\"drets\"><span class=\"wpcf7-form-control-wrap\" data-name=\"acceptance-btn\"><span class=\"wpcf7-form-control wpcf7-acceptance\"><span class=\"wpcf7-list-item\"><label><input type=\"checkbox\" name=\"acceptance-btn\" value=\"1\" aria-invalid=\"false\" \/><span class=\"wpcf7-list-item-label\">I understand and accept the <a href=\"\/en\/politica-de-privacidad\/\">Privacy Policy<\/a>.<\/span><\/label><\/span><\/span><\/span>\n\t<\/p>\n\t<div class=\"enviar\">\n\t\t<p><input class=\"wpcf7-form-control wpcf7-submit has-spinner\" type=\"submit\" value=\"Send\" \/>\n\t\t<\/p>\n\t<\/div>\n<\/div><div class=\"wpcf7-response-output\" aria-hidden=\"true\"><\/div>\n<input type=\"hidden\" name=\"trp-form-language\" value=\"en\"\/><\/form>\n<\/div>\n<\/div>\n\t\t\t\t\t\t<\/div>\n\t\t\t\t<\/div>\n\t\t\t\t\t<\/div>\n\t\t\t\t<\/main>\n\t\t\t\t<\/div>","protected":false},"excerpt":{"rendered":"<p>Defensa en procedimientos contencioso-administrativos Inicio Representaci\u00f3n judicial frente a la administraci\u00f3n p\u00fablica en Castell\u00f3n Cuando no es posible resolver un conflicto con la administraci\u00f3n mediante recursos administrativos, el \u00faltimo paso es recurrir a la v\u00eda judicial contencioso-administrativa. Estos procedimientos permiten revisar en los tribunales cualquier decisi\u00f3n, sanci\u00f3n o actuaci\u00f3n administrativa que lesione derechos e intereses, [&hellip;]<\/p>","protected":false},"author":2,"featured_media":0,"parent":717,"menu_order":0,"comment_status":"closed","ping_status":"closed","template":"","meta":{"_acf_changed":false,"footnotes":""},"class_list":["post-1040","page","type-page","status-publish","hentry"],"acf":[],"yoast_head":"<!-- This site is optimized with the Yoast SEO plugin v26.6 - https:\/\/yoast.com\/wordpress\/plugins\/seo\/ -->\n<title>Procedimientos contencioso-administrativos - Lidia Navas Esteller<\/title>\n<meta name=\"description\" content=\"Recibe asesoramiento experto y representaci\u00f3n judicial en procedimientos contencioso-administrativos en toda la Comunidad Valenciana\" \/>\n<meta name=\"robots\" content=\"index, follow, max-snippet:-1, max-image-preview:large, max-video-preview:-1\" \/>\n<link rel=\"canonical\" href=\"https:\/\/lidianavasabogada.com\/en\/derecho-administrativo\/procedimientos-contencioso-administrativos\/\" \/>\n<meta property=\"og:locale\" content=\"en_US\" \/>\n<meta property=\"og:type\" content=\"article\" \/>\n<meta property=\"og:title\" content=\"Procedimientos contencioso-administrativos - Lidia Navas Esteller\" \/>\n<meta property=\"og:description\" content=\"Recibe asesoramiento experto y representaci\u00f3n judicial en procedimientos contencioso-administrativos en toda la Comunidad Valenciana\" \/>\n<meta property=\"og:url\" content=\"https:\/\/lidianavasabogada.com\/en\/derecho-administrativo\/procedimientos-contencioso-administrativos\/\" \/>\n<meta property=\"og:site_name\" content=\"Lidia Navas Esteller\" \/>\n<meta property=\"article:modified_time\" content=\"2025-12-29T10:05:17+00:00\" \/>\n<meta name=\"twitter:card\" content=\"summary_large_image\" \/>\n<meta name=\"twitter:label1\" content=\"Est. reading time\" \/>\n\t<meta name=\"twitter:data1\" content=\"2 minutes\" \/>\n<script type=\"application\/ld+json\" class=\"yoast-schema-graph\">{\"@context\":\"https:\/\/schema.org\",\"@graph\":[{\"@type\":\"WebPage\",\"@id\":\"https:\/\/lidianavasabogada.com\/derecho-administrativo\/procedimientos-contencioso-administrativos\/\",\"url\":\"https:\/\/lidianavasabogada.com\/derecho-administrativo\/procedimientos-contencioso-administrativos\/\",\"name\":\"Procedimientos contencioso-administrativos - Lidia Navas Esteller\",\"isPartOf\":{\"@id\":\"https:\/\/lidianavasabogada.com\/#website\"},\"datePublished\":\"2025-12-09T10:45:00+00:00\",\"dateModified\":\"2025-12-29T10:05:17+00:00\",\"description\":\"Recibe asesoramiento experto y representaci\u00f3n judicial en procedimientos contencioso-administrativos en toda la Comunidad Valenciana\",\"breadcrumb\":{\"@id\":\"https:\/\/lidianavasabogada.com\/derecho-administrativo\/procedimientos-contencioso-administrativos\/#breadcrumb\"},\"inLanguage\":\"en-US\",\"potentialAction\":[{\"@type\":\"ReadAction\",\"target\":[\"https:\/\/lidianavasabogada.com\/derecho-administrativo\/procedimientos-contencioso-administrativos\/\"]}]},{\"@type\":\"BreadcrumbList\",\"@id\":\"https:\/\/lidianavasabogada.com\/derecho-administrativo\/procedimientos-contencioso-administrativos\/#breadcrumb\",\"itemListElement\":[{\"@type\":\"ListItem\",\"position\":1,\"name\":\"Portada\",\"item\":\"https:\/\/lidianavasabogada.com\/\"},{\"@type\":\"ListItem\",\"position\":2,\"name\":\"Derecho administrativo\",\"item\":\"https:\/\/lidianavasabogada.com\/derecho-administrativo\/\"},{\"@type\":\"ListItem\",\"position\":3,\"name\":\"Procedimientos contencioso-administrativos\"}]},{\"@type\":\"WebSite\",\"@id\":\"https:\/\/lidianavasabogada.com\/#website\",\"url\":\"https:\/\/lidianavasabogada.com\/\",\"name\":\"Lidia Navas Esteller\",\"description\":\"Abogada derecho administrativo\",\"publisher\":{\"@id\":\"https:\/\/lidianavasabogada.com\/#organization\"},\"potentialAction\":[{\"@type\":\"SearchAction\",\"target\":{\"@type\":\"EntryPoint\",\"urlTemplate\":\"https:\/\/lidianavasabogada.com\/?s={search_term_string}\"},\"query-input\":{\"@type\":\"PropertyValueSpecification\",\"valueRequired\":true,\"valueName\":\"search_term_string\"}}],\"inLanguage\":\"en-US\"},{\"@type\":\"Organization\",\"@id\":\"https:\/\/lidianavasabogada.com\/#organization\",\"name\":\"Lidia Navas Esteller\",\"url\":\"https:\/\/lidianavasabogada.com\/\",\"logo\":{\"@type\":\"ImageObject\",\"inLanguage\":\"en-US\",\"@id\":\"https:\/\/lidianavasabogada.com\/#\/schema\/logo\/image\/\",\"url\":\"https:\/\/lidianavasabogada.com\/wp-content\/uploads\/2025\/10\/logo-lidia-navas.jpg\",\"contentUrl\":\"https:\/\/lidianavasabogada.com\/wp-content\/uploads\/2025\/10\/logo-lidia-navas.jpg\",\"width\":662,\"height\":208,\"caption\":\"Lidia Navas Esteller\"},\"image\":{\"@id\":\"https:\/\/lidianavasabogada.com\/#\/schema\/logo\/image\/\"}}]}<\/script>\n<!-- \/ Yoast SEO plugin. -->","yoast_head_json":{"title":"Procedimientos contencioso-administrativos - Lidia Navas Esteller","description":"Recibe asesoramiento experto y representaci\u00f3n judicial en procedimientos contencioso-administrativos en toda la Comunidad Valenciana","robots":{"index":"index","follow":"follow","max-snippet":"max-snippet:-1","max-image-preview":"max-image-preview:large","max-video-preview":"max-video-preview:-1"},"canonical":"https:\/\/lidianavasabogada.com\/en\/derecho-administrativo\/procedimientos-contencioso-administrativos\/","og_locale":"en_US","og_type":"article","og_title":"Procedimientos contencioso-administrativos - Lidia Navas Esteller","og_description":"Recibe asesoramiento experto y representaci\u00f3n judicial en procedimientos contencioso-administrativos en toda la Comunidad Valenciana","og_url":"https:\/\/lidianavasabogada.com\/en\/derecho-administrativo\/procedimientos-contencioso-administrativos\/","og_site_name":"Lidia Navas Esteller","article_modified_time":"2025-12-29T10:05:17+00:00","twitter_card":"summary_large_image","twitter_misc":{"Est. reading time":"2 minutes"},"schema":{"@context":"https:\/\/schema.org","@graph":[{"@type":"WebPage","@id":"https:\/\/lidianavasabogada.com\/derecho-administrativo\/procedimientos-contencioso-administrativos\/","url":"https:\/\/lidianavasabogada.com\/derecho-administrativo\/procedimientos-contencioso-administrativos\/","name":"Procedimientos contencioso-administrativos - Lidia Navas Esteller","isPartOf":{"@id":"https:\/\/lidianavasabogada.com\/#website"},"datePublished":"2025-12-09T10:45:00+00:00","dateModified":"2025-12-29T10:05:17+00:00","description":"Recibe asesoramiento experto y representaci\u00f3n judicial en procedimientos contencioso-administrativos en toda la Comunidad Valenciana","breadcrumb":{"@id":"https:\/\/lidianavasabogada.com\/derecho-administrativo\/procedimientos-contencioso-administrativos\/#breadcrumb"},"inLanguage":"en-US","potentialAction":[{"@type":"ReadAction","target":["https:\/\/lidianavasabogada.com\/derecho-administrativo\/procedimientos-contencioso-administrativos\/"]}]},{"@type":"BreadcrumbList","@id":"https:\/\/lidianavasabogada.com\/derecho-administrativo\/procedimientos-contencioso-administrativos\/#breadcrumb","itemListElement":[{"@type":"ListItem","position":1,"name":"Portada","item":"https:\/\/lidianavasabogada.com\/"},{"@type":"ListItem","position":2,"name":"Derecho administrativo","item":"https:\/\/lidianavasabogada.com\/derecho-administrativo\/"},{"@type":"ListItem","position":3,"name":"Procedimientos contencioso-administrativos"}]},{"@type":"WebSite","@id":"https:\/\/lidianavasabogada.com\/#website","url":"https:\/\/lidianavasabogada.com\/","name":"Lidia Navas Esteller","description":"Abogada derecho administrativo","publisher":{"@id":"https:\/\/lidianavasabogada.com\/#organization"},"potentialAction":[{"@type":"SearchAction","target":{"@type":"EntryPoint","urlTemplate":"https:\/\/lidianavasabogada.com\/?s={search_term_string}"},"query-input":{"@type":"PropertyValueSpecification","valueRequired":true,"valueName":"search_term_string"}}],"inLanguage":"en-US"},{"@type":"Organization","@id":"https:\/\/lidianavasabogada.com\/#organization","name":"Lidia Navas Esteller","url":"https:\/\/lidianavasabogada.com\/","logo":{"@type":"ImageObject","inLanguage":"en-US","@id":"https:\/\/lidianavasabogada.com\/#\/schema\/logo\/image\/","url":"https:\/\/lidianavasabogada.com\/wp-content\/uploads\/2025\/10\/logo-lidia-navas.jpg","contentUrl":"https:\/\/lidianavasabogada.com\/wp-content\/uploads\/2025\/10\/logo-lidia-navas.jpg","width":662,"height":208,"caption":"Lidia Navas Esteller"},"image":{"@id":"https:\/\/lidianavasabogada.com\/#\/schema\/logo\/image\/"}}]}},"_links":{"self":[{"href":"https:\/\/lidianavasabogada.com\/en\/wp-json\/wp\/v2\/pages\/1040","targetHints":{"allow":["GET"]}}],"collection":[{"href":"https:\/\/lidianavasabogada.com\/en\/wp-json\/wp\/v2\/pages"}],"about":[{"href":"https:\/\/lidianavasabogada.com\/en\/wp-json\/wp\/v2\/types\/page"}],"author":[{"embeddable":true,"href":"https:\/\/lidianavasabogada.com\/en\/wp-json\/wp\/v2\/users\/2"}],"replies":[{"embeddable":true,"href":"https:\/\/lidianavasabogada.com\/en\/wp-json\/wp\/v2\/comments?post=1040"}],"version-history":[{"count":10,"href":"https:\/\/lidianavasabogada.com\/en\/wp-json\/wp\/v2\/pages\/1040\/revisions"}],"predecessor-version":[{"id":1993,"href":"https:\/\/lidianavasabogada.com\/en\/wp-json\/wp\/v2\/pages\/1040\/revisions\/1993"}],"up":[{"embeddable":true,"href":"https:\/\/lidianavasabogada.com\/en\/wp-json\/wp\/v2\/pages\/717"}],"wp:attachment":[{"href":"https:\/\/lidianavasabogada.com\/en\/wp-json\/wp\/v2\/media?parent=1040"}],"curies":[{"name":"wp","href":"https:\/\/api.w.org\/{rel}","templated":true}]}}