{"id":282,"date":"2025-11-05T08:48:25","date_gmt":"2025-11-05T08:48:25","guid":{"rendered":"https:\/\/lidianavasabogada.com\/?page_id=282"},"modified":"2025-12-31T12:04:50","modified_gmt":"2025-12-31T12:04:50","slug":"sobre-mi","status":"publish","type":"page","link":"https:\/\/lidianavasabogada.com\/en\/sobre-mi\/","title":{"rendered":"About me"},"content":{"rendered":"<div data-elementor-type=\"wp-page\" data-elementor-id=\"282\" class=\"elementor elementor-282\" data-elementor-post-type=\"page\">\n\t\t\t\t<main class=\"elementor-element elementor-element-ed76f40 e-con-full e-flex e-con e-parent\" data-id=\"ed76f40\" data-element_type=\"container\" data-settings=\"{&quot;background_background&quot;:&quot;classic&quot;}\">\n\t\t<div class=\"elementor-element elementor-element-0b17f4f e-flex e-con-boxed e-con e-child\" data-id=\"0b17f4f\" data-element_type=\"container\">\n\t\t\t\t\t<div class=\"e-con-inner\">\n\t\t\t\t<div class=\"elementor-element elementor-element-161655e animated-slow elementor-widget__width-initial elementor-widget-mobile__width-inherit elementor-widget elementor-widget-heading\" data-id=\"161655e\" data-element_type=\"widget\" data-settings=\"{&quot;_animation&quot;:&quot;none&quot;,&quot;_animation_delay&quot;:50}\" data-widget_type=\"heading.default\">\n\t\t\t\t\t<h1 class=\"elementor-heading-title elementor-size-default\">Lidia Navas \u2013 Expert in administrative law in the Valencian Community<\/h1>\t\t\t\t<\/div>\n\t\t\t\t<div class=\"elementor-element elementor-element-f67cbfd elementor-widget elementor-widget-eloi_breadcrumb\" data-id=\"f67cbfd\" data-element_type=\"widget\" data-widget_type=\"eloi_breadcrumb.default\">\n\t\t\t\t<div class=\"elementor-widget-container\">\n\t\t\t\t\t<nav class=\"breadcrumb\" aria-label=\"breadcrumb\"><a href=\"https:\/\/lidianavasabogada.com\/en\">Start<\/a><\/nav>\t\t\t\t<\/div>\n\t\t\t\t<\/div>\n\t\t\t\t\t<\/div>\n\t\t\t\t<\/div>\n\t\t\t\t<\/main>\n\t\t<div class=\"elementor-element elementor-element-251b08b e-flex e-con-boxed e-con e-parent\" data-id=\"251b08b\" data-element_type=\"container\">\n\t\t\t\t\t<div class=\"e-con-inner\">\n\t\t<div class=\"elementor-element elementor-element-25b4264 e-flex e-con-boxed e-con e-child\" data-id=\"25b4264\" data-element_type=\"container\">\n\t\t\t\t\t<div class=\"e-con-inner\">\n\t\t\t\t<div class=\"elementor-element elementor-element-e90e20d elementor-widget elementor-widget-image\" data-id=\"e90e20d\" data-element_type=\"widget\" data-widget_type=\"image.default\">\n\t\t\t\t\t\t\t\t\t\t\t\t\t\t\t<img fetchpriority=\"high\" decoding=\"async\" width=\"800\" height=\"800\" src=\"https:\/\/lidianavasabogada.com\/wp-content\/uploads\/2025\/12\/foto-lidia-navas.png\" class=\"attachment-large size-large wp-image-2122\" alt=\"\" srcset=\"https:\/\/lidianavasabogada.com\/wp-content\/uploads\/2025\/12\/foto-lidia-navas.png 1024w, https:\/\/lidianavasabogada.com\/wp-content\/uploads\/2025\/12\/foto-lidia-navas-300x300.png 300w, https:\/\/lidianavasabogada.com\/wp-content\/uploads\/2025\/12\/foto-lidia-navas-150x150.png 150w, https:\/\/lidianavasabogada.com\/wp-content\/uploads\/2025\/12\/foto-lidia-navas-768x768.png 768w, https:\/\/lidianavasabogada.com\/wp-content\/uploads\/2025\/12\/foto-lidia-navas-12x12.png 12w\" sizes=\"(max-width: 800px) 100vw, 800px\" \/>\t\t\t\t\t\t\t\t\t\t\t\t\t\t\t<\/div>\n\t\t\t\t\t<\/div>\n\t\t\t\t<\/div>\n\t\t<div class=\"elementor-element elementor-element-3c8a395 e-flex e-con-boxed e-con e-child\" data-id=\"3c8a395\" data-element_type=\"container\">\n\t\t\t\t\t<div class=\"e-con-inner\">\n\t\t\t\t<div class=\"elementor-element elementor-element-b77d596 elementor-widget elementor-widget-heading\" data-id=\"b77d596\" data-element_type=\"widget\" data-widget_type=\"heading.default\">\n\t\t\t\t\t<h2 class=\"elementor-heading-title elementor-size-default\">Proven professional track record in the administrative and public sector\n<\/h2>\t\t\t\t<\/div>\n\t\t\t\t<div class=\"elementor-element elementor-element-775f6bf post-content elementor-widget elementor-widget-text-editor\" data-id=\"775f6bf\" data-element_type=\"widget\" data-widget_type=\"text-editor.default\">\n\t\t\t\t\t\t\t\t\t<p>Am <b>Lidia Navas Esteller<\/b>, registered lawyer no. 2643 of the ICACS and <b>Administrative lawyer in Castell\u00f3n<\/b><span style=\"font-weight: 400;\">Specializing in administrative law and contentious-administrative proceedings, my professional practice focuses on representing individuals, companies, and public officials against the public administration, with extensive experience in the field of <\/span><b>local government, urban planning and the civil service<\/b><\/p><p>I accompany my clients through all phases of the administrative and judicial process, from initial advice to defense in court, with a practical, rigorous approach adapted to each specific case.<br \/><span style=\"font-weight: 400;\"><br \/>I combine my professional practice with <\/span><b style=\"font-family: -apple-system, BlinkMacSystemFont, 'Segoe UI', Roboto, 'Helvetica Neue', Arial, 'Noto Sans', sans-serif, 'Apple Color Emoji', 'Segoe UI Emoji', 'Segoe UI Symbol', 'Noto Color Emoji';\">university teaching<\/b><span style=\"font-weight: 400;\">, being <\/span><b style=\"font-family: -apple-system, BlinkMacSystemFont, 'Segoe UI', Roboto, 'Helvetica Neue', Arial, 'Noto Sans', sans-serif, 'Apple Color Emoji', 'Segoe UI Emoji', 'Segoe UI Symbol', 'Noto Color Emoji';\">Associate Professor of Civil Law at the Universitat Jaume I of Castell\u00f3n<\/b><span style=\"font-weight: 400;\">I am also a collaborating professor at <\/span><b style=\"font-family: -apple-system, BlinkMacSystemFont, 'Segoe UI', Roboto, 'Helvetica Neue', Arial, 'Noto Sans', sans-serif, 'Apple Color Emoji', 'Segoe UI Emoji', 'Segoe UI Symbol', 'Noto Color Emoji';\">IVASPE (Valenci\u00e0 Institute of Public Safety and Emergencies)<\/b><span style=\"font-weight: 400;\"> and a teacher at the SPPLB Academy.<\/span><\/p><p>\u00a0<\/p>\t\t\t\t\t\t\t\t<\/div>\n\t\t\t\t\t<\/div>\n\t\t\t\t<\/div>\n\t\t\t\t\t<\/div>\n\t\t\t\t<\/div>\n\t\t<div class=\"elementor-element elementor-element-14b1135 e-flex e-con-boxed e-con e-parent\" data-id=\"14b1135\" data-element_type=\"container\" data-settings=\"{&quot;background_background&quot;:&quot;classic&quot;}\">\n\t\t\t\t\t<div class=\"e-con-inner\">\n\t\t<div class=\"elementor-element elementor-element-0f2d1fa e-flex e-con-boxed e-con e-child\" data-id=\"0f2d1fa\" data-element_type=\"container\" data-settings=\"{&quot;sticky&quot;:&quot;top&quot;,&quot;sticky_on&quot;:[&quot;desktop&quot;],&quot;sticky_parent&quot;:&quot;yes&quot;,&quot;sticky_offset&quot;:0,&quot;sticky_effects_offset&quot;:0,&quot;sticky_anchor_link_offset&quot;:0}\">\n\t\t\t\t\t<div class=\"e-con-inner\">\n\t\t\t\t<div class=\"elementor-element elementor-element-450860b elementor-widget elementor-widget-heading\" data-id=\"450860b\" data-element_type=\"widget\" data-widget_type=\"heading.default\">\n\t\t\t\t\t<h2 class=\"elementor-heading-title elementor-size-default\">Extensive professional experience dealing with public administration and local councils<\/h2>\t\t\t\t<\/div>\n\t\t\t\t\t<\/div>\n\t\t\t\t<\/div>\n\t\t<div class=\"elementor-element elementor-element-50a4a43 e-flex e-con-boxed e-con e-child\" data-id=\"50a4a43\" data-element_type=\"container\">\n\t\t\t\t\t<div class=\"e-con-inner\">\n\t\t\t\t<div class=\"elementor-element elementor-element-eebc17f post-content elementor-widget elementor-widget-text-editor\" data-id=\"eebc17f\" data-element_type=\"widget\" data-widget_type=\"text-editor.default\">\n\t\t\t\t\t\t\t\t\t<p><span style=\"font-weight: 400;\">I have a solid track record in the <\/span><b>legal advice and legal representation before public administrations<\/b><span style=\"font-weight: 400;\">especially at the municipal level. I have provided legal services to various town councils in the province of Castell\u00f3n and the Valencian Community, which allows me to have in-depth knowledge of the internal workings of the administration and to anticipate effective strategies.<\/span><\/p><p><span style=\"font-weight: 400;\">I have regularly intervened in matters such as:<\/span><\/p><ul><li><span style=\"font-weight: 400;\">Urban planning and urban discipline<\/span><span style=\"font-weight: 400;\"><br \/><\/span><\/li><li><span style=\"font-weight: 400;\">Administrative resources and sanctioning procedures<\/span><span style=\"font-weight: 400;\"><br \/><\/span><\/li><li><span style=\"font-weight: 400;\">Liability of the administration<\/span><span style=\"font-weight: 400;\"><br \/><\/span><\/li><li><span style=\"font-weight: 400;\">Expropriations<\/span><span style=\"font-weight: 400;\"><br \/><\/span><\/li><li><span style=\"font-weight: 400;\">Contentious-administrative procedures<\/span><\/li><\/ul><p data-start=\"1327\" data-end=\"1518\"><span style=\"font-weight: 400;\">This experience allows me to act competently as <\/span><b>lawyer against the public administration<\/b><span style=\"font-weight: 400;\">Defending my clients&#039; rights with real knowledge of the administrative field.<\/span><\/p>\t\t\t\t\t\t\t\t<\/div>\n\t\t\t\t\t<\/div>\n\t\t\t\t<\/div>\n\t\t\t\t\t<\/div>\n\t\t\t\t<\/div>\n\t\t<div class=\"elementor-element elementor-element-ac2f28d e-flex e-con-boxed e-con e-parent\" data-id=\"ac2f28d\" data-element_type=\"container\">\n\t\t\t\t\t<div class=\"e-con-inner\">\n\t\t<div class=\"elementor-element elementor-element-fefdc71 e-flex e-con-boxed e-con e-child\" data-id=\"fefdc71\" data-element_type=\"container\">\n\t\t\t\t\t<div class=\"e-con-inner\">\n\t\t\t\t<div class=\"elementor-element elementor-element-bc5b97d elementor-widget elementor-widget-heading\" data-id=\"bc5b97d\" data-element_type=\"widget\" data-widget_type=\"heading.default\">\n\t\t\t\t\t<h2 class=\"elementor-heading-title elementor-size-default\">Specialization in administrative law, urban planning and public service<\/h2>\t\t\t\t<\/div>\n\t\t\t\t\t<\/div>\n\t\t\t\t<\/div>\n\t\t<div class=\"elementor-element elementor-element-375092e e-flex e-con-boxed e-con e-child\" data-id=\"375092e\" data-element_type=\"container\">\n\t\t\t\t\t<div class=\"e-con-inner\">\n\t\t\t\t<div class=\"elementor-element elementor-element-216bcf5 post-content elementor-widget elementor-widget-text-editor\" data-id=\"216bcf5\" data-element_type=\"widget\" data-widget_type=\"text-editor.default\">\n\t\t\t\t\t\t\t\t\t<p><span style=\"font-weight: 400;\">My professional profile is highly specialized in <\/span><b>administrative law<\/b><span style=\"font-weight: 400;\">, with specific training in <\/span><b>land use planning, urban management and urban planning violations<\/b><span style=\"font-weight: 400;\">both at the university level and in continuing education.<\/span><\/p><p><span style=\"font-weight: 400;\">In addition, I advise and defend <\/span><b>public officials<\/b><span style=\"font-weight: 400;\"> in conflicts related to disciplinary sanctions, administrative procedures, professional responsibility and relations with the employing administration, offering a technical and up-to-date approach.<\/span><\/p>\t\t\t\t\t\t\t\t<\/div>\n\t\t\t\t\t<\/div>\n\t\t\t\t<\/div>\n\t\t\t\t\t<\/div>\n\t\t\t\t<\/div>\n\t\t<main class=\"elementor-element elementor-element-07252de e-con-full e-flex e-con e-parent\" data-id=\"07252de\" data-element_type=\"container\" data-settings=\"{&quot;background_background&quot;:&quot;classic&quot;}\">\n\t\t<div class=\"elementor-element elementor-element-b01099f e-flex e-con-boxed e-con e-child\" data-id=\"b01099f\" data-element_type=\"container\">\n\t\t\t\t\t<div class=\"e-con-inner\">\n\t\t\t\t<div class=\"elementor-element elementor-element-2f9c6b3 elementor-widget__width-initial animated-slow elementor-widget elementor-widget-heading\" data-id=\"2f9c6b3\" data-element_type=\"widget\" data-settings=\"{&quot;_animation&quot;:&quot;none&quot;,&quot;_animation_delay&quot;:50}\" data-widget_type=\"heading.default\">\n\t\t\t\t\t<h2 class=\"elementor-heading-title elementor-size-default\">Bilingual lawyer with experience in providing legal assistance to foreigners<\/h2>\t\t\t\t<\/div>\n\t\t\t\t<div class=\"elementor-element elementor-element-8620ae3 elementor-widget__width-initial elementor-invisible elementor-widget elementor-widget-text-editor\" data-id=\"8620ae3\" data-element_type=\"widget\" data-settings=\"{&quot;_animation&quot;:&quot;fadeIn&quot;,&quot;_animation_delay&quot;:600}\" data-widget_type=\"text-editor.default\">\n\t\t\t\t\t\t\t\t\t<p>Am <strong>Bilingual lawyer in Spanish and English<\/strong>with extensive experience in providing legal assistance to foreign citizens in Spain. I have been <strong>Recommended by the British Consulate in Spain<\/strong> for the Valencian Community, Barcelona, Aragon, the Balearic Islands and Andorra, which endorses my ability to manage complex administrative matters with international clients.<\/p><p>This profile is especially useful in administrative procedures related to residence, property, urban planning and relations with local administrations.<\/p>\t\t\t\t\t\t\t\t<\/div>\n\t\t\t\t<div class=\"elementor-element elementor-element-db40ace elementor-align-center elementor-widget elementor-widget-button\" data-id=\"db40ace\" data-element_type=\"widget\" data-widget_type=\"button.default\">\n\t\t\t\t\t\t\t\t\t\t<a class=\"elementor-button elementor-button-link elementor-size-sm\" href=\"\/en\/contacto\/\">\n\t\t\t\t\t\t<span class=\"elementor-button-content-wrapper\">\n\t\t\t\t\t\t\t\t\t<span class=\"elementor-button-text\">Talk later?<\/span>\n\t\t\t\t\t<\/span>\n\t\t\t\t\t<\/a>\n\t\t\t\t\t\t\t\t<\/div>\n\t\t\t\t\t<\/div>\n\t\t\t\t<\/div>\n\t\t\t\t<\/main>\n\t\t\t\t<\/div>","protected":false},"excerpt":{"rendered":"<p>Lidia Navas \u2013 Experta en derecho administrativo en la Comunidad Valenciana Inicio Trayectoria profesional de confianza en el sector administrativo y p\u00fablico Soy Lidia Navas Esteller, abogada colegiada n\u00ba 2643 del ICACS y abogada administrativa en Castell\u00f3n, especializada en derecho administrativo y procedimientos contencioso-administrativos. Mi ejercicio profesional se centra en la defensa de particulares, empresas [&hellip;]<\/p>","protected":false},"author":2,"featured_media":0,"parent":0,"menu_order":0,"comment_status":"closed","ping_status":"closed","template":"elementor_header_footer","meta":{"_acf_changed":false,"footnotes":""},"class_list":["post-282","page","type-page","status-publish","hentry"],"acf":[],"yoast_head":"<!-- This site is optimized with the Yoast SEO plugin v26.6 - https:\/\/yoast.com\/wordpress\/plugins\/seo\/ -->\n<title>Sobre m\u00ed: Abogada administrativa en Castell\u00f3n - Lidia Navas Esteller<\/title>\n<meta name=\"description\" content=\"Soy Lidia Navas Esteller, abogada administrativa en Castell\u00f3n con gran trayectoria profesional en el sector administrativo y p\u00fablico.\" \/>\n<meta name=\"robots\" content=\"index, follow, max-snippet:-1, max-image-preview:large, max-video-preview:-1\" \/>\n<link rel=\"canonical\" href=\"https:\/\/lidianavasabogada.com\/en\/sobre-mi\/\" \/>\n<meta property=\"og:locale\" content=\"en_US\" \/>\n<meta property=\"og:type\" content=\"article\" \/>\n<meta property=\"og:title\" content=\"Sobre m\u00ed: Abogada administrativa en Castell\u00f3n - Lidia Navas Esteller\" \/>\n<meta property=\"og:description\" content=\"Soy Lidia Navas Esteller, abogada administrativa en Castell\u00f3n con gran trayectoria profesional en el sector administrativo y p\u00fablico.\" \/>\n<meta property=\"og:url\" content=\"https:\/\/lidianavasabogada.com\/en\/sobre-mi\/\" \/>\n<meta property=\"og:site_name\" content=\"Lidia Navas Esteller\" \/>\n<meta property=\"article:modified_time\" content=\"2025-12-31T12:04:50+00:00\" \/>\n<meta property=\"og:image\" content=\"https:\/\/lidianavasabogada.com\/wp-content\/uploads\/2025\/12\/foto-lidia-navas.png\" \/>\n\t<meta property=\"og:image:width\" content=\"1024\" \/>\n\t<meta property=\"og:image:height\" content=\"1024\" \/>\n\t<meta property=\"og:image:type\" content=\"image\/png\" \/>\n<meta name=\"twitter:card\" content=\"summary_large_image\" \/>\n<meta name=\"twitter:label1\" content=\"Est. reading time\" \/>\n\t<meta name=\"twitter:data1\" content=\"1 minute\" \/>\n<script type=\"application\/ld+json\" class=\"yoast-schema-graph\">{\"@context\":\"https:\/\/schema.org\",\"@graph\":[{\"@type\":\"WebPage\",\"@id\":\"https:\/\/lidianavasabogada.com\/sobre-mi\/\",\"url\":\"https:\/\/lidianavasabogada.com\/sobre-mi\/\",\"name\":\"Sobre m\u00ed: Abogada administrativa en Castell\u00f3n - Lidia Navas Esteller\",\"isPartOf\":{\"@id\":\"https:\/\/lidianavasabogada.com\/#website\"},\"primaryImageOfPage\":{\"@id\":\"https:\/\/lidianavasabogada.com\/sobre-mi\/#primaryimage\"},\"image\":{\"@id\":\"https:\/\/lidianavasabogada.com\/sobre-mi\/#primaryimage\"},\"thumbnailUrl\":\"https:\/\/lidianavasabogada.com\/wp-content\/uploads\/2025\/12\/foto-lidia-navas.png\",\"datePublished\":\"2025-11-05T08:48:25+00:00\",\"dateModified\":\"2025-12-31T12:04:50+00:00\",\"description\":\"Soy Lidia Navas Esteller, abogada administrativa en Castell\u00f3n con gran trayectoria profesional en el sector administrativo y p\u00fablico.\",\"breadcrumb\":{\"@id\":\"https:\/\/lidianavasabogada.com\/sobre-mi\/#breadcrumb\"},\"inLanguage\":\"en-US\",\"potentialAction\":[{\"@type\":\"ReadAction\",\"target\":[\"https:\/\/lidianavasabogada.com\/sobre-mi\/\"]}]},{\"@type\":\"ImageObject\",\"inLanguage\":\"en-US\",\"@id\":\"https:\/\/lidianavasabogada.com\/sobre-mi\/#primaryimage\",\"url\":\"https:\/\/lidianavasabogada.com\/wp-content\/uploads\/2025\/12\/foto-lidia-navas.png\",\"contentUrl\":\"https:\/\/lidianavasabogada.com\/wp-content\/uploads\/2025\/12\/foto-lidia-navas.png\"},{\"@type\":\"BreadcrumbList\",\"@id\":\"https:\/\/lidianavasabogada.com\/sobre-mi\/#breadcrumb\",\"itemListElement\":[{\"@type\":\"ListItem\",\"position\":1,\"name\":\"Portada\",\"item\":\"https:\/\/lidianavasabogada.com\/\"},{\"@type\":\"ListItem\",\"position\":2,\"name\":\"Sobre m\u00ed\"}]},{\"@type\":\"WebSite\",\"@id\":\"https:\/\/lidianavasabogada.com\/#website\",\"url\":\"https:\/\/lidianavasabogada.com\/\",\"name\":\"Lidia Navas Esteller\",\"description\":\"Abogada derecho administrativo\",\"publisher\":{\"@id\":\"https:\/\/lidianavasabogada.com\/#organization\"},\"potentialAction\":[{\"@type\":\"SearchAction\",\"target\":{\"@type\":\"EntryPoint\",\"urlTemplate\":\"https:\/\/lidianavasabogada.com\/?s={search_term_string}\"},\"query-input\":{\"@type\":\"PropertyValueSpecification\",\"valueRequired\":true,\"valueName\":\"search_term_string\"}}],\"inLanguage\":\"en-US\"},{\"@type\":\"Organization\",\"@id\":\"https:\/\/lidianavasabogada.com\/#organization\",\"name\":\"Lidia Navas Esteller\",\"url\":\"https:\/\/lidianavasabogada.com\/\",\"logo\":{\"@type\":\"ImageObject\",\"inLanguage\":\"en-US\",\"@id\":\"https:\/\/lidianavasabogada.com\/#\/schema\/logo\/image\/\",\"url\":\"https:\/\/lidianavasabogada.com\/wp-content\/uploads\/2025\/10\/logo-lidia-navas.jpg\",\"contentUrl\":\"https:\/\/lidianavasabogada.com\/wp-content\/uploads\/2025\/10\/logo-lidia-navas.jpg\",\"width\":662,\"height\":208,\"caption\":\"Lidia Navas Esteller\"},\"image\":{\"@id\":\"https:\/\/lidianavasabogada.com\/#\/schema\/logo\/image\/\"}}]}<\/script>\n<!-- \/ Yoast SEO plugin. -->","yoast_head_json":{"title":"Sobre m\u00ed: Abogada administrativa en Castell\u00f3n - Lidia Navas Esteller","description":"Soy Lidia Navas Esteller, abogada administrativa en Castell\u00f3n con gran trayectoria profesional en el sector administrativo y p\u00fablico.","robots":{"index":"index","follow":"follow","max-snippet":"max-snippet:-1","max-image-preview":"max-image-preview:large","max-video-preview":"max-video-preview:-1"},"canonical":"https:\/\/lidianavasabogada.com\/en\/sobre-mi\/","og_locale":"en_US","og_type":"article","og_title":"Sobre m\u00ed: Abogada administrativa en Castell\u00f3n - Lidia Navas Esteller","og_description":"Soy Lidia Navas Esteller, abogada administrativa en Castell\u00f3n con gran trayectoria profesional en el sector administrativo y p\u00fablico.","og_url":"https:\/\/lidianavasabogada.com\/en\/sobre-mi\/","og_site_name":"Lidia Navas Esteller","article_modified_time":"2025-12-31T12:04:50+00:00","og_image":[{"width":1024,"height":1024,"url":"https:\/\/lidianavasabogada.com\/wp-content\/uploads\/2025\/12\/foto-lidia-navas.png","type":"image\/png"}],"twitter_card":"summary_large_image","twitter_misc":{"Est. reading time":"1 minute"},"schema":{"@context":"https:\/\/schema.org","@graph":[{"@type":"WebPage","@id":"https:\/\/lidianavasabogada.com\/sobre-mi\/","url":"https:\/\/lidianavasabogada.com\/sobre-mi\/","name":"Sobre m\u00ed: Abogada administrativa en Castell\u00f3n - Lidia Navas Esteller","isPartOf":{"@id":"https:\/\/lidianavasabogada.com\/#website"},"primaryImageOfPage":{"@id":"https:\/\/lidianavasabogada.com\/sobre-mi\/#primaryimage"},"image":{"@id":"https:\/\/lidianavasabogada.com\/sobre-mi\/#primaryimage"},"thumbnailUrl":"https:\/\/lidianavasabogada.com\/wp-content\/uploads\/2025\/12\/foto-lidia-navas.png","datePublished":"2025-11-05T08:48:25+00:00","dateModified":"2025-12-31T12:04:50+00:00","description":"Soy Lidia Navas Esteller, abogada administrativa en Castell\u00f3n con gran trayectoria profesional en el sector administrativo y p\u00fablico.","breadcrumb":{"@id":"https:\/\/lidianavasabogada.com\/sobre-mi\/#breadcrumb"},"inLanguage":"en-US","potentialAction":[{"@type":"ReadAction","target":["https:\/\/lidianavasabogada.com\/sobre-mi\/"]}]},{"@type":"ImageObject","inLanguage":"en-US","@id":"https:\/\/lidianavasabogada.com\/sobre-mi\/#primaryimage","url":"https:\/\/lidianavasabogada.com\/wp-content\/uploads\/2025\/12\/foto-lidia-navas.png","contentUrl":"https:\/\/lidianavasabogada.com\/wp-content\/uploads\/2025\/12\/foto-lidia-navas.png"},{"@type":"BreadcrumbList","@id":"https:\/\/lidianavasabogada.com\/sobre-mi\/#breadcrumb","itemListElement":[{"@type":"ListItem","position":1,"name":"Portada","item":"https:\/\/lidianavasabogada.com\/"},{"@type":"ListItem","position":2,"name":"Sobre m\u00ed"}]},{"@type":"WebSite","@id":"https:\/\/lidianavasabogada.com\/#website","url":"https:\/\/lidianavasabogada.com\/","name":"Lidia Navas Esteller","description":"Abogada derecho administrativo","publisher":{"@id":"https:\/\/lidianavasabogada.com\/#organization"},"potentialAction":[{"@type":"SearchAction","target":{"@type":"EntryPoint","urlTemplate":"https:\/\/lidianavasabogada.com\/?s={search_term_string}"},"query-input":{"@type":"PropertyValueSpecification","valueRequired":true,"valueName":"search_term_string"}}],"inLanguage":"en-US"},{"@type":"Organization","@id":"https:\/\/lidianavasabogada.com\/#organization","name":"Lidia Navas Esteller","url":"https:\/\/lidianavasabogada.com\/","logo":{"@type":"ImageObject","inLanguage":"en-US","@id":"https:\/\/lidianavasabogada.com\/#\/schema\/logo\/image\/","url":"https:\/\/lidianavasabogada.com\/wp-content\/uploads\/2025\/10\/logo-lidia-navas.jpg","contentUrl":"https:\/\/lidianavasabogada.com\/wp-content\/uploads\/2025\/10\/logo-lidia-navas.jpg","width":662,"height":208,"caption":"Lidia Navas Esteller"},"image":{"@id":"https:\/\/lidianavasabogada.com\/#\/schema\/logo\/image\/"}}]}},"_links":{"self":[{"href":"https:\/\/lidianavasabogada.com\/en\/wp-json\/wp\/v2\/pages\/282","targetHints":{"allow":["GET"]}}],"collection":[{"href":"https:\/\/lidianavasabogada.com\/en\/wp-json\/wp\/v2\/pages"}],"about":[{"href":"https:\/\/lidianavasabogada.com\/en\/wp-json\/wp\/v2\/types\/page"}],"author":[{"embeddable":true,"href":"https:\/\/lidianavasabogada.com\/en\/wp-json\/wp\/v2\/users\/2"}],"replies":[{"embeddable":true,"href":"https:\/\/lidianavasabogada.com\/en\/wp-json\/wp\/v2\/comments?post=282"}],"version-history":[{"count":13,"href":"https:\/\/lidianavasabogada.com\/en\/wp-json\/wp\/v2\/pages\/282\/revisions"}],"predecessor-version":[{"id":2128,"href":"https:\/\/lidianavasabogada.com\/en\/wp-json\/wp\/v2\/pages\/282\/revisions\/2128"}],"wp:attachment":[{"href":"https:\/\/lidianavasabogada.com\/en\/wp-json\/wp\/v2\/media?parent=282"}],"curies":[{"name":"wp","href":"https:\/\/api.w.org\/{rel}","templated":true}]}}