{"id":284,"date":"2025-11-05T08:48:37","date_gmt":"2025-11-05T08:48:37","guid":{"rendered":"https:\/\/lidianavasabogada.com\/?page_id=284"},"modified":"2025-12-18T12:26:49","modified_gmt":"2025-12-18T12:26:49","slug":"contacto","status":"publish","type":"page","link":"https:\/\/lidianavasabogada.com\/en\/contacto\/","title":{"rendered":"Contact"},"content":{"rendered":"<div data-elementor-type=\"wp-page\" data-elementor-id=\"284\" class=\"elementor elementor-284\" data-elementor-post-type=\"page\">\n\t\t\t\t<main class=\"elementor-element elementor-element-c304144 e-con-full e-flex e-con e-parent\" data-id=\"c304144\" data-element_type=\"container\" data-settings=\"{&quot;background_background&quot;:&quot;classic&quot;}\">\n\t\t<div class=\"elementor-element elementor-element-8f887d2 e-flex e-con-boxed e-con e-child\" data-id=\"8f887d2\" data-element_type=\"container\">\n\t\t\t\t\t<div class=\"e-con-inner\">\n\t\t\t\t<div class=\"elementor-element elementor-element-295b36c animated-slow elementor-widget__width-initial elementor-widget-mobile__width-inherit elementor-widget elementor-widget-heading\" data-id=\"295b36c\" data-element_type=\"widget\" data-settings=\"{&quot;_animation&quot;:&quot;none&quot;,&quot;_animation_delay&quot;:50}\" data-widget_type=\"heading.default\">\n\t\t\t\t\t<h1 class=\"elementor-heading-title elementor-size-default\"> Contact Lidia Navas <br>Administrative lawyer in the Valencian Community\n<\/h1>\t\t\t\t<\/div>\n\t\t\t\t<div class=\"elementor-element elementor-element-5f5557f elementor-widget elementor-widget-eloi_breadcrumb\" data-id=\"5f5557f\" data-element_type=\"widget\" data-widget_type=\"eloi_breadcrumb.default\">\n\t\t\t\t<div class=\"elementor-widget-container\">\n\t\t\t\t\t<nav class=\"breadcrumb\" aria-label=\"breadcrumb\"><a href=\"https:\/\/lidianavasabogada.com\/en\">Start<\/a><\/nav>\t\t\t\t<\/div>\n\t\t\t\t<\/div>\n\t\t\t\t\t<\/div>\n\t\t\t\t<\/div>\n\t\t\t\t<\/main>\n\t\t<div class=\"elementor-element elementor-element-1f17d40 e-grid e-con-boxed e-con e-parent\" data-id=\"1f17d40\" data-element_type=\"container\">\n\t\t\t\t\t<div class=\"e-con-inner\">\n\t\t<div class=\"elementor-element elementor-element-2b7a141 e-con-full e-flex e-con e-child\" data-id=\"2b7a141\" data-element_type=\"container\">\n\t\t\t\t<div class=\"elementor-element elementor-element-b60f037 elementor-view-stacked elementor-position-left elementor-tablet-position-top elementor-mobile-position-left elementor-shape-circle elementor-widget elementor-widget-icon-box\" data-id=\"b60f037\" data-element_type=\"widget\" data-widget_type=\"icon-box.default\">\n\t\t\t\t\t\t\t<div class=\"elementor-icon-box-wrapper\">\n\n\t\t\t\t\t\t<div class=\"elementor-icon-box-icon\">\n\t\t\t\t<a href=\"https:\/\/maps.app.goo.gl\/eEBD4twqhxdDtwqFA\" target=\"_blank\" class=\"elementor-icon\" tabindex=\"-1\">\n\t\t\t\t<svg aria-hidden=\"true\" class=\"e-font-icon-svg e-fas-map-marker-alt\" viewbox=\"0 0 384 512\" xmlns=\"http:\/\/www.w3.org\/2000\/svg\"><path d=\"M172.268 501.67C26.97 291.031 0 269.413 0 192 0 85.961 85.961 0 192 0s192 85.961 192 192c0 77.413-26.97 99.031-172.268 309.67-9.535 13.774-29.93 13.773-39.464 0zM192 272c44.183 0 80-35.817 80-80s-35.817-80-80-80-80 35.817-80 80 35.817 80 80 80z\"><\/path><\/svg>\t\t\t\t<\/a>\n\t\t\t<\/div>\n\t\t\t\n\t\t\t\t\t\t<div class=\"elementor-icon-box-content\">\n\n\t\t\t\t\n\t\t\t\t\t\t\t\t\t<p class=\"elementor-icon-box-description\">\n\t\t\t\t\t\tCastell\u00f3n de la Plana\t\t\t\t\t<\/p>\n\t\t\t\t\n\t\t\t<\/div>\n\t\t\t\n\t\t<\/div>\n\t\t\t\t\t\t<\/div>\n\t\t\t\t<\/div>\n\t\t<div class=\"elementor-element elementor-element-9a8cffa e-con-full e-flex e-con e-child\" data-id=\"9a8cffa\" data-element_type=\"container\">\n\t\t\t\t<div class=\"elementor-element elementor-element-68b3879 elementor-view-stacked elementor-position-left elementor-tablet-position-top elementor-mobile-position-left elementor-shape-circle elementor-widget elementor-widget-icon-box\" data-id=\"68b3879\" data-element_type=\"widget\" data-widget_type=\"icon-box.default\">\n\t\t\t\t\t\t\t<div class=\"elementor-icon-box-wrapper\">\n\n\t\t\t\t\t\t<div class=\"elementor-icon-box-icon\">\n\t\t\t\t<span  class=\"elementor-icon\">\n\t\t\t\t<i aria-hidden=\"true\" class=\"icon icon-smartphone\"><\/i>\t\t\t\t<\/span>\n\t\t\t<\/div>\n\t\t\t\n\t\t\t\t\t\t<div class=\"elementor-icon-box-content\">\n\n\t\t\t\t\n\t\t\t\t\t\t\t\t\t<p class=\"elementor-icon-box-description\">\n\t\t\t\t\t\t<a href=\"tel:+34636046663\">+34 636 046 663<\/a>\t\t\t\t\t<\/p>\n\t\t\t\t\n\t\t\t<\/div>\n\t\t\t\n\t\t<\/div>\n\t\t\t\t\t\t<\/div>\n\t\t\t\t<\/div>\n\t\t<div class=\"elementor-element elementor-element-4b4ad10 e-con-full e-flex e-con e-child\" data-id=\"4b4ad10\" data-element_type=\"container\">\n\t\t\t\t<div class=\"elementor-element elementor-element-8b4459f elementor-view-stacked elementor-position-left elementor-tablet-position-top elementor-mobile-position-left elementor-shape-circle elementor-widget elementor-widget-icon-box\" data-id=\"8b4459f\" data-element_type=\"widget\" data-widget_type=\"icon-box.default\">\n\t\t\t\t\t\t\t<div class=\"elementor-icon-box-wrapper\">\n\n\t\t\t\t\t\t<div class=\"elementor-icon-box-icon\">\n\t\t\t\t<span  class=\"elementor-icon\">\n\t\t\t\t<svg aria-hidden=\"true\" class=\"e-font-icon-svg e-far-address-book\" viewbox=\"0 0 448 512\" xmlns=\"http:\/\/www.w3.org\/2000\/svg\"><path d=\"M436 160c6.6 0 12-5.4 12-12v-40c0-6.6-5.4-12-12-12h-20V48c0-26.5-21.5-48-48-48H48C21.5 0 0 21.5 0 48v416c0 26.5 21.5 48 48 48h320c26.5 0 48-21.5 48-48v-48h20c6.6 0 12-5.4 12-12v-40c0-6.6-5.4-12-12-12h-20v-64h20c6.6 0 12-5.4 12-12v-40c0-6.6-5.4-12-12-12h-20v-64h20zm-68 304H48V48h320v416zM208 256c35.3 0 64-28.7 64-64s-28.7-64-64-64-64 28.7-64 64 28.7 64 64 64zm-89.6 128h179.2c12.4 0 22.4-8.6 22.4-19.2v-19.2c0-31.8-30.1-57.6-67.2-57.6-10.8 0-18.7 8-44.8 8-26.9 0-33.4-8-44.8-8-37.1 0-67.2 25.8-67.2 57.6v19.2c0 10.6 10 19.2 22.4 19.2z\"><\/path><\/svg>\t\t\t\t<\/span>\n\t\t\t<\/div>\n\t\t\t\n\t\t\t\t\t\t<div class=\"elementor-icon-box-content\">\n\n\t\t\t\t\n\t\t\t\t\t\t\t\t\t<p class=\"elementor-icon-box-description\">\n\t\t\t\t\t\t<a href=\"mailto:lidia.navas@icacs.com\">lidia.navas@icacs.com<\/a>\t\t\t\t\t<\/p>\n\t\t\t\t\n\t\t\t<\/div>\n\t\t\t\n\t\t<\/div>\n\t\t\t\t\t\t<\/div>\n\t\t\t\t<\/div>\n\t\t\t\t\t<\/div>\n\t\t\t\t<\/div>\n\t\t<div class=\"elementor-element elementor-element-33035da e-flex e-con-boxed e-con e-parent\" data-id=\"33035da\" data-element_type=\"container\">\n\t\t\t\t\t<div class=\"e-con-inner\">\n\t\t<div class=\"elementor-element elementor-element-244757c e-con-full e-flex e-con e-child\" data-id=\"244757c\" data-element_type=\"container\">\n\t\t\t\t<div class=\"elementor-element elementor-element-248fc2a elementor-widget elementor-widget-heading\" data-id=\"248fc2a\" data-element_type=\"widget\" data-widget_type=\"heading.default\">\n\t\t\t\t\t<h2 class=\"elementor-heading-title elementor-size-default\"> Get your free consultation on administrative law in Valencia\n<\/h2>\t\t\t\t<\/div>\n\t\t\t\t<div class=\"elementor-element elementor-element-d903f72 elementor-widget elementor-widget-text-editor\" data-id=\"d903f72\" data-element_type=\"widget\" data-widget_type=\"text-editor.default\">\n\t\t\t\t\t\t\t\t\t<div class=\"elementor-element elementor-element-0d55073 elementor-widget__width-initial elementor-widget elementor-widget-text-editor animated fadeIn\" data-id=\"0d55073\" data-element_type=\"widget\" data-settings=\"{&quot;_animation&quot;:&quot;fadeIn&quot;,&quot;_animation_delay&quot;:600}\" data-widget_type=\"text-editor.default\"><p>If you have any issues with the public administration in Valencia, need legal representation against a penalty, advice on licenses, want to prepare an appeal, or are considering a legal claim, you can contact us by filling out the online form or sending an email to the address indicated on this page. You can also call during business hours to schedule an in-person or telephone appointment.<\/p><p>I will personally answer all your legal questions and guide you on the best course of action for your case. The initial consultation is free of charge. I respond quickly to penalties, notifications, or administrative inquiries to avoid delays and protect your rights.<\/p><p><strong>Contact us now and receive professional advice on administrative law.<\/strong><\/p><\/div>\t\t\t\t\t\t\t\t<\/div>\n\t\t\t\t<\/div>\n\t\t<div class=\"elementor-element elementor-element-7d9ab99 e-con-full e-flex e-con e-child\" data-id=\"7d9ab99\" data-element_type=\"container\">\n\t\t\t\t<div class=\"elementor-element elementor-element-350ff98 elementor-widget elementor-widget-shortcode\" data-id=\"350ff98\" data-element_type=\"widget\" data-widget_type=\"shortcode.default\">\n\t\t\t\t\t\t\t<div class=\"elementor-shortcode\">\n<div class=\"wpcf7 no-js\" id=\"wpcf7-f357-o1\" lang=\"es-ES\" dir=\"ltr\" data-wpcf7-id=\"357\">\n<div class=\"screen-reader-response\"><p role=\"status\" aria-live=\"polite\" aria-atomic=\"true\"><\/p> <ul><\/ul><\/div>\n<form action=\"\/en\/wp-json\/wp\/v2\/pages\/284#wpcf7-f357-o1\" method=\"post\" class=\"wpcf7-form init\" aria-label=\"Contact form\" novalidate=\"novalidate\" data-status=\"init\" data-trp-original-action=\"\/en\/wp-json\/wp\/v2\/pages\/284#wpcf7-f357-o1\">\n<fieldset class=\"hidden-fields-container\"><input type=\"hidden\" name=\"_wpcf7\" value=\"357\" \/><input type=\"hidden\" name=\"_wpcf7_version\" value=\"6.1.4\" \/><input type=\"hidden\" name=\"_wpcf7_locale\" value=\"es_ES\" \/><input type=\"hidden\" name=\"_wpcf7_unit_tag\" value=\"wpcf7-f357-o1\" \/><input type=\"hidden\" name=\"_wpcf7_container_post\" value=\"0\" \/><input type=\"hidden\" name=\"_wpcf7_posted_data_hash\" value=\"\" \/><input type=\"hidden\" name=\"_wpcf7_recaptcha_response\" value=\"\" \/>\n<\/fieldset>\n<div class=\"formulari contacte\">\n\t<div class=\"formulari-row\">\n\t\t<div class=\"formulari-col\">\n\t\t\t<p><label class=\"form-group\"><span class=\"label\">Name *<\/span><span class=\"wpcf7-form-control-wrap\" data-name=\"your-name\"><input size=\"40\" maxlength=\"400\" class=\"wpcf7-form-control wpcf7-text wpcf7-validates-as-required form-input\" aria-required=\"true\" aria-invalid=\"false\" placeholder=\"Name*\" value=\"\" type=\"text\" name=\"your-name\" \/><\/span> <\/label>\n\t\t\t<\/p>\n\t\t<\/div>\n\t\t<div class=\"formulari-col\">\n\t\t\t<p><label class=\"form-group\"><span class=\"label\">Last Name *<\/span><span class=\"wpcf7-form-control-wrap\" data-name=\"Apellidos\"><input size=\"40\" maxlength=\"400\" class=\"wpcf7-form-control wpcf7-text form-input\" aria-invalid=\"false\" placeholder=\"Last Name *\" value=\"\" type=\"text\" name=\"Apellidos\" \/><\/span> <\/label>\n\t\t\t<\/p>\n\t\t<\/div>\n\t\t<div class=\"formulari-col\">\n\t\t\t<p><label class=\"form-group\"><span class=\"label\">Email *<\/span><span class=\"wpcf7-form-control-wrap\" data-name=\"your-email\"><input size=\"40\" maxlength=\"400\" class=\"wpcf7-form-control wpcf7-email wpcf7-validates-as-required wpcf7-text wpcf7-validates-as-email form-input\" aria-required=\"true\" aria-invalid=\"false\" placeholder=\"Email *\" value=\"\" type=\"email\" name=\"your-email\" \/><\/span> <\/label>\n\t\t\t<\/p>\n\t\t<\/div>\n\t\t<div class=\"formulari-col\">\n\t\t\t<p><label class=\"form-group\"><span class=\"label\">Phone *<\/span><span class=\"wpcf7-form-control-wrap\" data-name=\"Phone\"><input size=\"40\" maxlength=\"400\" class=\"wpcf7-form-control wpcf7-tel wpcf7-text wpcf7-validates-as-tel form-input\" aria-invalid=\"false\" placeholder=\"Phone *\" value=\"\" type=\"tel\" name=\"Phone\" \/><\/span> <\/label>\n\t\t\t<\/p>\n\t\t<\/div>\n\t<\/div>\n\t<p><label class=\"form-textarea\"><span class=\"label\">Consultation<\/span><span class=\"wpcf7-form-control-wrap\" data-name=\"your-message\"><textarea cols=\"40\" rows=\"6\" maxlength=\"2000\" class=\"wpcf7-form-control wpcf7-textarea form-textarea\" aria-invalid=\"false\" placeholder=\"I want information about...\" name=\"your-message\"><\/textarea><\/span><\/label>\n\t<\/p>\n\t<p class=\"drets\">As data controllers, we will process your data to send you information and commercial updates about our services. You can access, rectify, and delete your data, as well as exercise other rights, by consulting the additional and detailed information on data protection in our <a href=\"\/en\/politica-de-privacidad\/\">Privacy Policy<\/a>.\n\t<\/p>\n\t<p class=\"drets\"><span class=\"wpcf7-form-control-wrap\" data-name=\"acceptance-btn\"><span class=\"wpcf7-form-control wpcf7-acceptance\"><span class=\"wpcf7-list-item\"><label><input type=\"checkbox\" name=\"acceptance-btn\" value=\"1\" aria-invalid=\"false\" \/><span class=\"wpcf7-list-item-label\">I understand and accept the <a href=\"\/en\/politica-de-privacidad\/\">Privacy Policy<\/a>.<\/span><\/label><\/span><\/span><\/span>\n\t<\/p>\n\t<div class=\"enviar\">\n\t\t<p><input class=\"wpcf7-form-control wpcf7-submit has-spinner\" type=\"submit\" value=\"Send\" \/>\n\t\t<\/p>\n\t<\/div>\n<\/div><div class=\"wpcf7-response-output\" aria-hidden=\"true\"><\/div>\n<input type=\"hidden\" name=\"trp-form-language\" value=\"en\"\/><\/form>\n<\/div>\n<\/div>\n\t\t\t\t\t\t<\/div>\n\t\t\t\t<\/div>\n\t\t\t\t\t<\/div>\n\t\t\t\t<\/div>\n\t\t<div class=\"elementor-element elementor-element-34a5aeb e-con-full e-flex e-con e-parent\" data-id=\"34a5aeb\" data-element_type=\"container\">\n\t\t\t\t<div class=\"elementor-element elementor-element-7b57802 elementor-widget elementor-widget-google_maps\" data-id=\"7b57802\" data-element_type=\"widget\" data-widget_type=\"google_maps.default\">\n\t\t\t\t\t\t\t<div class=\"elementor-custom-embed\">\n\t\t\t<iframe loading=\"lazy\"\n\t\t\t\t\tsrc=\"https:\/\/maps.google.com\/maps?q=C.%20Sanchis%20Albella%202%2C%2012001%20Castell%C3%B3n%20de%20la%20Plana&#038;t=m&#038;z=7&#038;output=embed&#038;iwloc=near\"\n\t\t\t\t\ttitle=\"C. Sanchis Albella 2, 12001 Castell\u00f3n de la Plana\"\n\t\t\t\t\taria-label=\"C. Sanchis Albella 2, 12001 Castell\u00f3n de la Plana\"\n\t\t\t><\/iframe>\n\t\t<\/div>\n\t\t\t\t\t\t<\/div>\n\t\t\t\t<\/div>\n\t\t\t\t<\/div>","protected":false},"excerpt":{"rendered":"<p>Contacta con Lidia Navas Abogada administrativa en la comunidad valenciana Inicio Realiza tu consulta gratuita sobre derecho administrativo en Valencia Si tienes alg\u00fan problema con la administraci\u00f3n p\u00fablica en Valencia, necesitas defensa ante una sanci\u00f3n, asesor\u00eda sobre licencias, quieres preparar un recurso o afrontar una reclamaci\u00f3n judicial, puedes contactar rellenando el formulario online o enviando [&hellip;]<\/p>","protected":false},"author":2,"featured_media":0,"parent":0,"menu_order":0,"comment_status":"closed","ping_status":"closed","template":"","meta":{"_acf_changed":false,"footnotes":""},"class_list":["post-284","page","type-page","status-publish","hentry"],"acf":[],"yoast_head":"<!-- This site is optimized with the Yoast SEO plugin v26.6 - https:\/\/yoast.com\/wordpress\/plugins\/seo\/ -->\n<title>Contacto - Lidia Navas Esteller<\/title>\n<meta name=\"robots\" content=\"index, follow, max-snippet:-1, max-image-preview:large, max-video-preview:-1\" \/>\n<link rel=\"canonical\" href=\"https:\/\/lidianavasabogada.com\/en\/contacto\/\" \/>\n<meta property=\"og:locale\" content=\"en_US\" \/>\n<meta property=\"og:type\" content=\"article\" \/>\n<meta property=\"og:title\" content=\"Contacto - Lidia Navas Esteller\" \/>\n<meta property=\"og:description\" content=\"Contacta con Lidia Navas Abogada administrativa en la comunidad valenciana Inicio Realiza tu consulta gratuita sobre derecho administrativo en Valencia Si tienes alg\u00fan problema con la administraci\u00f3n p\u00fablica en Valencia, necesitas defensa ante una sanci\u00f3n, asesor\u00eda sobre licencias, quieres preparar un recurso o afrontar una reclamaci\u00f3n judicial, puedes contactar rellenando el formulario online o enviando [&hellip;]\" \/>\n<meta property=\"og:url\" content=\"https:\/\/lidianavasabogada.com\/en\/contacto\/\" \/>\n<meta property=\"og:site_name\" content=\"Lidia Navas Esteller\" \/>\n<meta property=\"article:modified_time\" content=\"2025-12-18T12:26:49+00:00\" \/>\n<meta name=\"twitter:card\" content=\"summary_large_image\" \/>\n<meta name=\"twitter:label1\" content=\"Est. reading time\" \/>\n\t<meta name=\"twitter:data1\" content=\"1 minute\" \/>\n<script type=\"application\/ld+json\" class=\"yoast-schema-graph\">{\"@context\":\"https:\/\/schema.org\",\"@graph\":[{\"@type\":\"WebPage\",\"@id\":\"https:\/\/lidianavasabogada.com\/contacto\/\",\"url\":\"https:\/\/lidianavasabogada.com\/contacto\/\",\"name\":\"Contacto - Lidia Navas Esteller\",\"isPartOf\":{\"@id\":\"https:\/\/lidianavasabogada.com\/#website\"},\"datePublished\":\"2025-11-05T08:48:37+00:00\",\"dateModified\":\"2025-12-18T12:26:49+00:00\",\"breadcrumb\":{\"@id\":\"https:\/\/lidianavasabogada.com\/contacto\/#breadcrumb\"},\"inLanguage\":\"en-US\",\"potentialAction\":[{\"@type\":\"ReadAction\",\"target\":[\"https:\/\/lidianavasabogada.com\/contacto\/\"]}]},{\"@type\":\"BreadcrumbList\",\"@id\":\"https:\/\/lidianavasabogada.com\/contacto\/#breadcrumb\",\"itemListElement\":[{\"@type\":\"ListItem\",\"position\":1,\"name\":\"Portada\",\"item\":\"https:\/\/lidianavasabogada.com\/\"},{\"@type\":\"ListItem\",\"position\":2,\"name\":\"Contacto\"}]},{\"@type\":\"WebSite\",\"@id\":\"https:\/\/lidianavasabogada.com\/#website\",\"url\":\"https:\/\/lidianavasabogada.com\/\",\"name\":\"Lidia Navas Esteller\",\"description\":\"Abogada derecho administrativo\",\"publisher\":{\"@id\":\"https:\/\/lidianavasabogada.com\/#organization\"},\"potentialAction\":[{\"@type\":\"SearchAction\",\"target\":{\"@type\":\"EntryPoint\",\"urlTemplate\":\"https:\/\/lidianavasabogada.com\/?s={search_term_string}\"},\"query-input\":{\"@type\":\"PropertyValueSpecification\",\"valueRequired\":true,\"valueName\":\"search_term_string\"}}],\"inLanguage\":\"en-US\"},{\"@type\":\"Organization\",\"@id\":\"https:\/\/lidianavasabogada.com\/#organization\",\"name\":\"Lidia Navas Esteller\",\"url\":\"https:\/\/lidianavasabogada.com\/\",\"logo\":{\"@type\":\"ImageObject\",\"inLanguage\":\"en-US\",\"@id\":\"https:\/\/lidianavasabogada.com\/#\/schema\/logo\/image\/\",\"url\":\"https:\/\/lidianavasabogada.com\/wp-content\/uploads\/2025\/10\/logo-lidia-navas.jpg\",\"contentUrl\":\"https:\/\/lidianavasabogada.com\/wp-content\/uploads\/2025\/10\/logo-lidia-navas.jpg\",\"width\":662,\"height\":208,\"caption\":\"Lidia Navas Esteller\"},\"image\":{\"@id\":\"https:\/\/lidianavasabogada.com\/#\/schema\/logo\/image\/\"}}]}<\/script>\n<!-- \/ Yoast SEO plugin. -->","yoast_head_json":{"title":"Contacto - Lidia Navas Esteller","robots":{"index":"index","follow":"follow","max-snippet":"max-snippet:-1","max-image-preview":"max-image-preview:large","max-video-preview":"max-video-preview:-1"},"canonical":"https:\/\/lidianavasabogada.com\/en\/contacto\/","og_locale":"en_US","og_type":"article","og_title":"Contacto - Lidia Navas Esteller","og_description":"Contacta con Lidia Navas Abogada administrativa en la comunidad valenciana Inicio Realiza tu consulta gratuita sobre derecho administrativo en Valencia Si tienes alg\u00fan problema con la administraci\u00f3n p\u00fablica en Valencia, necesitas defensa ante una sanci\u00f3n, asesor\u00eda sobre licencias, quieres preparar un recurso o afrontar una reclamaci\u00f3n judicial, puedes contactar rellenando el formulario online o enviando [&hellip;]","og_url":"https:\/\/lidianavasabogada.com\/en\/contacto\/","og_site_name":"Lidia Navas Esteller","article_modified_time":"2025-12-18T12:26:49+00:00","twitter_card":"summary_large_image","twitter_misc":{"Est. reading time":"1 minute"},"schema":{"@context":"https:\/\/schema.org","@graph":[{"@type":"WebPage","@id":"https:\/\/lidianavasabogada.com\/contacto\/","url":"https:\/\/lidianavasabogada.com\/contacto\/","name":"Contacto - Lidia Navas Esteller","isPartOf":{"@id":"https:\/\/lidianavasabogada.com\/#website"},"datePublished":"2025-11-05T08:48:37+00:00","dateModified":"2025-12-18T12:26:49+00:00","breadcrumb":{"@id":"https:\/\/lidianavasabogada.com\/contacto\/#breadcrumb"},"inLanguage":"en-US","potentialAction":[{"@type":"ReadAction","target":["https:\/\/lidianavasabogada.com\/contacto\/"]}]},{"@type":"BreadcrumbList","@id":"https:\/\/lidianavasabogada.com\/contacto\/#breadcrumb","itemListElement":[{"@type":"ListItem","position":1,"name":"Portada","item":"https:\/\/lidianavasabogada.com\/"},{"@type":"ListItem","position":2,"name":"Contacto"}]},{"@type":"WebSite","@id":"https:\/\/lidianavasabogada.com\/#website","url":"https:\/\/lidianavasabogada.com\/","name":"Lidia Navas Esteller","description":"Abogada derecho administrativo","publisher":{"@id":"https:\/\/lidianavasabogada.com\/#organization"},"potentialAction":[{"@type":"SearchAction","target":{"@type":"EntryPoint","urlTemplate":"https:\/\/lidianavasabogada.com\/?s={search_term_string}"},"query-input":{"@type":"PropertyValueSpecification","valueRequired":true,"valueName":"search_term_string"}}],"inLanguage":"en-US"},{"@type":"Organization","@id":"https:\/\/lidianavasabogada.com\/#organization","name":"Lidia Navas Esteller","url":"https:\/\/lidianavasabogada.com\/","logo":{"@type":"ImageObject","inLanguage":"en-US","@id":"https:\/\/lidianavasabogada.com\/#\/schema\/logo\/image\/","url":"https:\/\/lidianavasabogada.com\/wp-content\/uploads\/2025\/10\/logo-lidia-navas.jpg","contentUrl":"https:\/\/lidianavasabogada.com\/wp-content\/uploads\/2025\/10\/logo-lidia-navas.jpg","width":662,"height":208,"caption":"Lidia Navas Esteller"},"image":{"@id":"https:\/\/lidianavasabogada.com\/#\/schema\/logo\/image\/"}}]}},"_links":{"self":[{"href":"https:\/\/lidianavasabogada.com\/en\/wp-json\/wp\/v2\/pages\/284","targetHints":{"allow":["GET"]}}],"collection":[{"href":"https:\/\/lidianavasabogada.com\/en\/wp-json\/wp\/v2\/pages"}],"about":[{"href":"https:\/\/lidianavasabogada.com\/en\/wp-json\/wp\/v2\/types\/page"}],"author":[{"embeddable":true,"href":"https:\/\/lidianavasabogada.com\/en\/wp-json\/wp\/v2\/users\/2"}],"replies":[{"embeddable":true,"href":"https:\/\/lidianavasabogada.com\/en\/wp-json\/wp\/v2\/comments?post=284"}],"version-history":[{"count":10,"href":"https:\/\/lidianavasabogada.com\/en\/wp-json\/wp\/v2\/pages\/284\/revisions"}],"predecessor-version":[{"id":1990,"href":"https:\/\/lidianavasabogada.com\/en\/wp-json\/wp\/v2\/pages\/284\/revisions\/1990"}],"wp:attachment":[{"href":"https:\/\/lidianavasabogada.com\/en\/wp-json\/wp\/v2\/media?parent=284"}],"curies":[{"name":"wp","href":"https:\/\/api.w.org\/{rel}","templated":true}]}}