{"id":522,"date":"2025-11-06T12:21:14","date_gmt":"2025-11-06T12:21:14","guid":{"rendered":"https:\/\/lidianavasabogada.com\/?page_id=522"},"modified":"2025-11-07T10:24:09","modified_gmt":"2025-11-07T10:24:09","slug":"mapa-web","status":"publish","type":"page","link":"https:\/\/lidianavasabogada.com\/en\/mapa-web\/","title":{"rendered":"Site map"},"content":{"rendered":"<ul class=\"wp-block-page-list\"><li class=\"wp-block-pages-list__item\"><a class=\"wp-block-pages-list__item__link\" href=\"https:\/\/lidianavasabogada.com\/en\/abogado-administrativo-en-alcoy\/\">Administrative lawyer in Alcoy<\/a><\/li><li class=\"wp-block-pages-list__item\"><a class=\"wp-block-pages-list__item__link\" href=\"https:\/\/lidianavasabogada.com\/en\/abogado-administrativo-en-alicante\/\">Administrative lawyer in Alicante<\/a><\/li><li class=\"wp-block-pages-list__item\"><a class=\"wp-block-pages-list__item__link\" href=\"https:\/\/lidianavasabogada.com\/en\/abogado-administrativo-en-benidorm\/\">Administrative lawyer in Benidorm<\/a><\/li><li class=\"wp-block-pages-list__item\"><a class=\"wp-block-pages-list__item__link\" href=\"https:\/\/lidianavasabogada.com\/en\/abogado-administrativo-en-castellon\/\">Administrative lawyer in Castell\u00f3n<\/a><\/li><li class=\"wp-block-pages-list__item\"><a class=\"wp-block-pages-list__item__link\" href=\"https:\/\/lidianavasabogada.com\/en\/abogado-administrativo-en-elche\/\">Administrative lawyer in Elche<\/a><\/li><li class=\"wp-block-pages-list__item\"><a class=\"wp-block-pages-list__item__link\" href=\"https:\/\/lidianavasabogada.com\/en\/abogado-administrativo-en-gandia\/\">Administrative lawyer in Gand\u00eda<\/a><\/li><li class=\"wp-block-pages-list__item\"><a class=\"wp-block-pages-list__item__link\" href=\"https:\/\/lidianavasabogada.com\/en\/abogado-administrativo-en-orihuela\/\">Administrative lawyer in Orihuela<\/a><\/li><li class=\"wp-block-pages-list__item\"><a class=\"wp-block-pages-list__item__link\" href=\"https:\/\/lidianavasabogada.com\/en\/abogado-administrativo-en-sagunto\/\">Administrative lawyer in Sagunto<\/a><\/li><li class=\"wp-block-pages-list__item\"><a class=\"wp-block-pages-list__item__link\" href=\"https:\/\/lidianavasabogada.com\/en\/abogado-administrativo-en-torrent\/\">Administrative lawyer in Torrent<\/a><\/li><li class=\"wp-block-pages-list__item\"><a class=\"wp-block-pages-list__item__link\" href=\"https:\/\/lidianavasabogada.com\/en\/abogado-administrativo-en-torrevieja\/\">Administrative lawyer in Torrevieja<\/a><\/li><li class=\"wp-block-pages-list__item\"><a class=\"wp-block-pages-list__item__link\" href=\"https:\/\/lidianavasabogada.com\/en\/abogado-administrativo-en-valencia\/\">Administrative lawyer in Valencia<\/a><\/li><li class=\"wp-block-pages-list__item\"><a class=\"wp-block-pages-list__item__link\" href=\"https:\/\/lidianavasabogada.com\/en\/abogado-contencioso-administrativo-en-castellon\/\">Abogado contencioso administrativo en Castell\u00f3n<\/a><\/li><li class=\"wp-block-pages-list__item\"><a class=\"wp-block-pages-list__item__link\" href=\"https:\/\/lidianavasabogada.com\/en\/abogado-de-urbanismo-en-castellon\/\">Abogado de urbanismo en Castell\u00f3n<\/a><\/li><li class=\"wp-block-pages-list__item\"><a class=\"wp-block-pages-list__item__link\" href=\"https:\/\/lidianavasabogada.com\/en\/abogado-derecho-administrativo-alcoy\/\">Administrative Law Attorney in Alcoy<\/a><\/li><li class=\"wp-block-pages-list__item\"><a class=\"wp-block-pages-list__item__link\" href=\"https:\/\/lidianavasabogada.com\/en\/abogado-derecho-administrativo-alicante\/\">Administrative Law Attorney in Alicante<\/a><\/li><li class=\"wp-block-pages-list__item\"><a class=\"wp-block-pages-list__item__link\" href=\"https:\/\/lidianavasabogada.com\/en\/abogado-derecho-administrativo-benidorm\/\">Administrative Law Attorney Benidorm<\/a><\/li><li class=\"wp-block-pages-list__item\"><a class=\"wp-block-pages-list__item__link\" href=\"https:\/\/lidianavasabogada.com\/en\/abogado-derecho-administrativo-castellon\/\">Administrative Law Attorney in Castell\u00f3n<\/a><\/li><li class=\"wp-block-pages-list__item\"><a class=\"wp-block-pages-list__item__link\" href=\"https:\/\/lidianavasabogada.com\/en\/abogado-derecho-administrativo-elche\/\">Administrative Law Attorney in Elche<\/a><\/li><li class=\"wp-block-pages-list__item\"><a class=\"wp-block-pages-list__item__link\" href=\"https:\/\/lidianavasabogada.com\/en\/abogado-derecho-administrativo-gandia\/\">Administrative Law Attorney Gandia<\/a><\/li><li class=\"wp-block-pages-list__item\"><a class=\"wp-block-pages-list__item__link\" href=\"https:\/\/lidianavasabogada.com\/en\/abogado-derecho-administrativo-orihuela\/\">Administrative Law Attorney in Orihuela<\/a><\/li><li class=\"wp-block-pages-list__item\"><a class=\"wp-block-pages-list__item__link\" href=\"https:\/\/lidianavasabogada.com\/en\/abogado-derecho-administrativo-sagunto\/\">Administrative Law Attorney in Sagunto<\/a><\/li><li class=\"wp-block-pages-list__item\"><a class=\"wp-block-pages-list__item__link\" href=\"https:\/\/lidianavasabogada.com\/en\/abogado-derecho-administrativo-torrent\/\">Administrative Law Attorney in Torrent<\/a><\/li><li class=\"wp-block-pages-list__item\"><a class=\"wp-block-pages-list__item__link\" href=\"https:\/\/lidianavasabogada.com\/en\/abogado-derecho-administrativo-torrevieja\/\">Administrative Law Attorney in Torrevieja<\/a><\/li><li class=\"wp-block-pages-list__item\"><a class=\"wp-block-pages-list__item__link\" href=\"https:\/\/lidianavasabogada.com\/en\/abogado-derecho-administrativo-valencia\/\">Administrative Law Attorney in Valencia<\/a><\/li><li class=\"wp-block-pages-list__item\"><a class=\"wp-block-pages-list__item__link\" href=\"https:\/\/lidianavasabogada.com\/en\/abogado-expropiaciones-en-castellon\/\">Abogado expropiaciones en Castell\u00f3n<\/a><\/li><li class=\"wp-block-pages-list__item\"><a class=\"wp-block-pages-list__item__link\" href=\"https:\/\/lidianavasabogada.com\/en\/abogados-administrativos-en-valencia\/\">Abogados administrativos en Valencia<\/a><\/li><li class=\"wp-block-pages-list__item\"><a class=\"wp-block-pages-list__item__link\" href=\"https:\/\/lidianavasabogada.com\/en\/abogados-en-castellon\/\">Abogados en Castell\u00f3n<\/a><\/li><li class=\"wp-block-pages-list__item\"><a class=\"wp-block-pages-list__item__link\" href=\"https:\/\/lidianavasabogada.com\/en\/abogados-en-valencia\/\">Abogados en Valencia<\/a><\/li><li class=\"wp-block-pages-list__item\"><a class=\"wp-block-pages-list__item__link\" href=\"https:\/\/lidianavasabogada.com\/en\/abogados-especialistas-en-administracion-publica-en-castellon\/\">Abogados especialistas en administraci\u00f3n p\u00fablica en Castell\u00f3n<\/a><\/li><li class=\"wp-block-pages-list__item\"><a class=\"wp-block-pages-list__item__link\" href=\"https:\/\/lidianavasabogada.com\/en\/abogados-especialistas-en-administracion-publica-en-valencia\/\">Lawyers specializing in public administration in Valencia<\/a><\/li><li class=\"wp-block-pages-list__item\"><a class=\"wp-block-pages-list__item__link\" href=\"https:\/\/lidianavasabogada.com\/en\/abogados-especialistas-en-ayuntamientos-en-castellon\/\">Abogados especialistas en ayuntamientos en Castell\u00f3n<\/a><\/li><li class=\"wp-block-pages-list__item\"><a class=\"wp-block-pages-list__item__link\" href=\"https:\/\/lidianavasabogada.com\/en\/abogados-especialistas-en-ayuntamientos-en-valencia\/\">Abogados especialistas en ayuntamientos en Valencia<\/a><\/li><li class=\"wp-block-pages-list__item\"><a class=\"wp-block-pages-list__item__link\" href=\"https:\/\/lidianavasabogada.com\/en\/abogados-especialistas-en-reclamaciones-en-alicante\/\">Abogados especialistas en reclamaciones en Alicante<\/a><\/li><li class=\"wp-block-pages-list__item\"><a class=\"wp-block-pages-list__item__link\" href=\"https:\/\/lidianavasabogada.com\/en\/abogados-especialistas-en-reclamaciones-en-castellon\/\">Abogados especialistas en reclamaciones en Castell\u00f3n<\/a><\/li><li class=\"wp-block-pages-list__item\"><a class=\"wp-block-pages-list__item__link\" href=\"https:\/\/lidianavasabogada.com\/en\/abogados-especialistas-en-reclamaciones-en-elche\/\">Abogados especialistas en reclamaciones en Elche<\/a><\/li><li class=\"wp-block-pages-list__item\"><a class=\"wp-block-pages-list__item__link\" href=\"https:\/\/lidianavasabogada.com\/en\/abogados-especialistas-en-reclamaciones-en-gandia\/\">Abogados especialistas en reclamaciones en Gand\u00eda<\/a><\/li><li class=\"wp-block-pages-list__item\"><a class=\"wp-block-pages-list__item__link\" href=\"https:\/\/lidianavasabogada.com\/en\/abogados-especialistas-en-reclamaciones-en-torrevieja\/\">Abogados especialistas en reclamaciones en Torrevieja<\/a><\/li><li class=\"wp-block-pages-list__item\"><a class=\"wp-block-pages-list__item__link\" href=\"https:\/\/lidianavasabogada.com\/en\/abogados-especialistas-en-reclamaciones-en-valencia\/\">Abogados especialistas en reclamaciones en Valencia<\/a><\/li><li class=\"wp-block-pages-list__item\"><a class=\"wp-block-pages-list__item__link\" href=\"https:\/\/lidianavasabogada.com\/en\/accesibilidad\/\">Accessibility<\/a><\/li><li class=\"wp-block-pages-list__item\"><a class=\"wp-block-pages-list__item__link\" href=\"https:\/\/lidianavasabogada.com\/en\/aviso-legal\/\">Legal notice<\/a><\/li><li class=\"wp-block-pages-list__item\"><a class=\"wp-block-pages-list__item__link\" href=\"https:\/\/lidianavasabogada.com\/en\/blog\/\">Blog<\/a><\/li><li class=\"wp-block-pages-list__item\"><a class=\"wp-block-pages-list__item__link\" href=\"https:\/\/lidianavasabogada.com\/en\/contacto\/\">Contact<\/a><\/li><li class=\"wp-block-pages-list__item has-child\"><a class=\"wp-block-pages-list__item__link\" href=\"https:\/\/lidianavasabogada.com\/en\/derecho-administrativo\/\">Administrative Law<\/a><ul class=\"wp-block-navigation__submenu-container\"><li class=\"wp-block-pages-list__item\"><a class=\"wp-block-pages-list__item__link\" href=\"https:\/\/lidianavasabogada.com\/en\/derecho-administrativo\/expropiaciones-y-reclamaciones-en-responsabilidad-patrimonial\/\">Expropriations and patrimonial liability<\/a><\/li><li class=\"wp-block-pages-list__item\"><a class=\"wp-block-pages-list__item__link\" href=\"https:\/\/lidianavasabogada.com\/en\/derecho-administrativo\/licencias-y-sanciones-administrativas\/\">Licenses and administrative sanctions<\/a><\/li><li class=\"wp-block-pages-list__item\"><a class=\"wp-block-pages-list__item__link\" href=\"https:\/\/lidianavasabogada.com\/en\/derecho-administrativo\/procedimientos-contencioso-administrativos\/\">Contentious-administrative procedures<\/a><\/li><li class=\"wp-block-pages-list__item\"><a class=\"wp-block-pages-list__item__link\" href=\"https:\/\/lidianavasabogada.com\/en\/derecho-administrativo\/recursos-administrativos\/\">Administrative resources<\/a><\/li><li class=\"wp-block-pages-list__item\"><a class=\"wp-block-pages-list__item__link\" href=\"https:\/\/lidianavasabogada.com\/en\/derecho-administrativo\/urbanismo-y-medio-ambiente\/\">Urban planning and environment<\/a><\/li><\/ul><\/li><li class=\"wp-block-pages-list__item\"><a class=\"wp-block-pages-list__item__link\" href=\"https:\/\/lidianavasabogada.com\/en\/despacho-de-abogados-en-alcoy\/\">Despacho de abogados en Alcoy<\/a><\/li><li class=\"wp-block-pages-list__item\"><a class=\"wp-block-pages-list__item__link\" href=\"https:\/\/lidianavasabogada.com\/en\/despacho-de-abogados-en-alicante\/\">Despacho de abogados en Alicante<\/a><\/li><li class=\"wp-block-pages-list__item\"><a class=\"wp-block-pages-list__item__link\" href=\"https:\/\/lidianavasabogada.com\/en\/despacho-de-abogados-en-castellon\/\">Despacho de abogados en Castell\u00f3n<\/a><\/li><li class=\"wp-block-pages-list__item\"><a class=\"wp-block-pages-list__item__link\" href=\"https:\/\/lidianavasabogada.com\/en\/despacho-de-abogados-en-elche\/\">Despacho de abogados en Elche<\/a><\/li><li class=\"wp-block-pages-list__item\"><a class=\"wp-block-pages-list__item__link\" href=\"https:\/\/lidianavasabogada.com\/en\/despacho-de-abogados-en-gandia\/\">Despacho de abogados en Gand\u00eda<\/a><\/li><li class=\"wp-block-pages-list__item\"><a class=\"wp-block-pages-list__item__link\" href=\"https:\/\/lidianavasabogada.com\/en\/despacho-de-abogados-en-orihuela\/\">Despacho de abogados en Orihuela<\/a><\/li><li class=\"wp-block-pages-list__item\"><a class=\"wp-block-pages-list__item__link\" href=\"https:\/\/lidianavasabogada.com\/en\/despacho-de-abogados-en-torrevieja\/\">Despacho de abogados en Torrevieja<\/a><\/li><li class=\"wp-block-pages-list__item\"><a class=\"wp-block-pages-list__item__link\" href=\"https:\/\/lidianavasabogada.com\/en\/despacho-de-abogados-en-valencia\/\">Despacho de abogados en Valencia<\/a><\/li><li class=\"wp-block-pages-list__item menu-item-home\"><a class=\"wp-block-pages-list__item__link\" href=\"https:\/\/lidianavasabogada.com\/en\/\">Start<\/a><\/li><li class=\"wp-block-pages-list__item\"><a class=\"wp-block-pages-list__item__link\" href=\"https:\/\/lidianavasabogada.com\/en\/mapa-web\/\">Site map<\/a><\/li><li class=\"wp-block-pages-list__item\"><a class=\"wp-block-pages-list__item__link\" href=\"https:\/\/lidianavasabogada.com\/en\/politica-de-cookies\/\">Cookies Policy<\/a><\/li><li class=\"wp-block-pages-list__item\"><a class=\"wp-block-pages-list__item__link\" href=\"https:\/\/lidianavasabogada.com\/en\/politica-de-privacidad\/\">Privacy Policy<\/a><\/li><li class=\"wp-block-pages-list__item\"><a class=\"wp-block-pages-list__item__link\" href=\"https:\/\/lidianavasabogada.com\/en\/recurrir-multa-en-castellon\/\">Recurrir multa en Castell\u00f3n<\/a><\/li><li class=\"wp-block-pages-list__item\"><a class=\"wp-block-pages-list__item__link\" href=\"https:\/\/lidianavasabogada.com\/en\/sobre-mi\/\">About me<\/a><\/li><\/ul>","protected":false},"excerpt":{"rendered":"","protected":false},"author":2,"featured_media":0,"parent":0,"menu_order":0,"comment_status":"closed","ping_status":"closed","template":"","meta":{"_acf_changed":false,"footnotes":""},"class_list":["post-522","page","type-page","status-publish","hentry"],"acf":[],"yoast_head":"<!-- This site is optimized with the Yoast SEO plugin v26.6 - https:\/\/yoast.com\/wordpress\/plugins\/seo\/ -->\n<title>Mapa web - Lidia Navas Esteller<\/title>\n<meta name=\"robots\" content=\"index, follow, max-snippet:-1, max-image-preview:large, max-video-preview:-1\" \/>\n<link rel=\"canonical\" href=\"https:\/\/lidianavasabogada.com\/en\/mapa-web\/\" \/>\n<meta property=\"og:locale\" content=\"en_US\" \/>\n<meta property=\"og:type\" content=\"article\" \/>\n<meta property=\"og:title\" content=\"Mapa web - Lidia Navas Esteller\" \/>\n<meta property=\"og:url\" content=\"https:\/\/lidianavasabogada.com\/en\/mapa-web\/\" \/>\n<meta property=\"og:site_name\" content=\"Lidia Navas Esteller\" \/>\n<meta property=\"article:modified_time\" content=\"2025-11-07T10:24:09+00:00\" \/>\n<meta name=\"twitter:card\" content=\"summary_large_image\" \/>\n<script type=\"application\/ld+json\" class=\"yoast-schema-graph\">{\"@context\":\"https:\/\/schema.org\",\"@graph\":[{\"@type\":\"WebPage\",\"@id\":\"https:\/\/lidianavasabogada.com\/mapa-web\/\",\"url\":\"https:\/\/lidianavasabogada.com\/mapa-web\/\",\"name\":\"Mapa web - Lidia Navas Esteller\",\"isPartOf\":{\"@id\":\"https:\/\/lidianavasabogada.com\/#website\"},\"datePublished\":\"2025-11-06T12:21:14+00:00\",\"dateModified\":\"2025-11-07T10:24:09+00:00\",\"breadcrumb\":{\"@id\":\"https:\/\/lidianavasabogada.com\/mapa-web\/#breadcrumb\"},\"inLanguage\":\"en-US\",\"potentialAction\":[{\"@type\":\"ReadAction\",\"target\":[\"https:\/\/lidianavasabogada.com\/mapa-web\/\"]}]},{\"@type\":\"BreadcrumbList\",\"@id\":\"https:\/\/lidianavasabogada.com\/mapa-web\/#breadcrumb\",\"itemListElement\":[{\"@type\":\"ListItem\",\"position\":1,\"name\":\"Portada\",\"item\":\"https:\/\/lidianavasabogada.com\/\"},{\"@type\":\"ListItem\",\"position\":2,\"name\":\"Mapa web\"}]},{\"@type\":\"WebSite\",\"@id\":\"https:\/\/lidianavasabogada.com\/#website\",\"url\":\"https:\/\/lidianavasabogada.com\/\",\"name\":\"Lidia Navas Esteller\",\"description\":\"Abogada derecho administrativo\",\"publisher\":{\"@id\":\"https:\/\/lidianavasabogada.com\/#organization\"},\"potentialAction\":[{\"@type\":\"SearchAction\",\"target\":{\"@type\":\"EntryPoint\",\"urlTemplate\":\"https:\/\/lidianavasabogada.com\/?s={search_term_string}\"},\"query-input\":{\"@type\":\"PropertyValueSpecification\",\"valueRequired\":true,\"valueName\":\"search_term_string\"}}],\"inLanguage\":\"en-US\"},{\"@type\":\"Organization\",\"@id\":\"https:\/\/lidianavasabogada.com\/#organization\",\"name\":\"Lidia Navas Esteller\",\"url\":\"https:\/\/lidianavasabogada.com\/\",\"logo\":{\"@type\":\"ImageObject\",\"inLanguage\":\"en-US\",\"@id\":\"https:\/\/lidianavasabogada.com\/#\/schema\/logo\/image\/\",\"url\":\"https:\/\/lidianavasabogada.com\/wp-content\/uploads\/2025\/10\/logo-lidia-navas.jpg\",\"contentUrl\":\"https:\/\/lidianavasabogada.com\/wp-content\/uploads\/2025\/10\/logo-lidia-navas.jpg\",\"width\":662,\"height\":208,\"caption\":\"Lidia Navas Esteller\"},\"image\":{\"@id\":\"https:\/\/lidianavasabogada.com\/#\/schema\/logo\/image\/\"}}]}<\/script>\n<!-- \/ Yoast SEO plugin. -->","yoast_head_json":{"title":"Mapa web - Lidia Navas Esteller","robots":{"index":"index","follow":"follow","max-snippet":"max-snippet:-1","max-image-preview":"max-image-preview:large","max-video-preview":"max-video-preview:-1"},"canonical":"https:\/\/lidianavasabogada.com\/en\/mapa-web\/","og_locale":"en_US","og_type":"article","og_title":"Mapa web - Lidia Navas Esteller","og_url":"https:\/\/lidianavasabogada.com\/en\/mapa-web\/","og_site_name":"Lidia Navas Esteller","article_modified_time":"2025-11-07T10:24:09+00:00","twitter_card":"summary_large_image","schema":{"@context":"https:\/\/schema.org","@graph":[{"@type":"WebPage","@id":"https:\/\/lidianavasabogada.com\/mapa-web\/","url":"https:\/\/lidianavasabogada.com\/mapa-web\/","name":"Mapa web - Lidia Navas Esteller","isPartOf":{"@id":"https:\/\/lidianavasabogada.com\/#website"},"datePublished":"2025-11-06T12:21:14+00:00","dateModified":"2025-11-07T10:24:09+00:00","breadcrumb":{"@id":"https:\/\/lidianavasabogada.com\/mapa-web\/#breadcrumb"},"inLanguage":"en-US","potentialAction":[{"@type":"ReadAction","target":["https:\/\/lidianavasabogada.com\/mapa-web\/"]}]},{"@type":"BreadcrumbList","@id":"https:\/\/lidianavasabogada.com\/mapa-web\/#breadcrumb","itemListElement":[{"@type":"ListItem","position":1,"name":"Portada","item":"https:\/\/lidianavasabogada.com\/"},{"@type":"ListItem","position":2,"name":"Mapa web"}]},{"@type":"WebSite","@id":"https:\/\/lidianavasabogada.com\/#website","url":"https:\/\/lidianavasabogada.com\/","name":"Lidia Navas Esteller","description":"Abogada derecho administrativo","publisher":{"@id":"https:\/\/lidianavasabogada.com\/#organization"},"potentialAction":[{"@type":"SearchAction","target":{"@type":"EntryPoint","urlTemplate":"https:\/\/lidianavasabogada.com\/?s={search_term_string}"},"query-input":{"@type":"PropertyValueSpecification","valueRequired":true,"valueName":"search_term_string"}}],"inLanguage":"en-US"},{"@type":"Organization","@id":"https:\/\/lidianavasabogada.com\/#organization","name":"Lidia Navas Esteller","url":"https:\/\/lidianavasabogada.com\/","logo":{"@type":"ImageObject","inLanguage":"en-US","@id":"https:\/\/lidianavasabogada.com\/#\/schema\/logo\/image\/","url":"https:\/\/lidianavasabogada.com\/wp-content\/uploads\/2025\/10\/logo-lidia-navas.jpg","contentUrl":"https:\/\/lidianavasabogada.com\/wp-content\/uploads\/2025\/10\/logo-lidia-navas.jpg","width":662,"height":208,"caption":"Lidia Navas Esteller"},"image":{"@id":"https:\/\/lidianavasabogada.com\/#\/schema\/logo\/image\/"}}]}},"_links":{"self":[{"href":"https:\/\/lidianavasabogada.com\/en\/wp-json\/wp\/v2\/pages\/522","targetHints":{"allow":["GET"]}}],"collection":[{"href":"https:\/\/lidianavasabogada.com\/en\/wp-json\/wp\/v2\/pages"}],"about":[{"href":"https:\/\/lidianavasabogada.com\/en\/wp-json\/wp\/v2\/types\/page"}],"author":[{"embeddable":true,"href":"https:\/\/lidianavasabogada.com\/en\/wp-json\/wp\/v2\/users\/2"}],"replies":[{"embeddable":true,"href":"https:\/\/lidianavasabogada.com\/en\/wp-json\/wp\/v2\/comments?post=522"}],"version-history":[{"count":2,"href":"https:\/\/lidianavasabogada.com\/en\/wp-json\/wp\/v2\/pages\/522\/revisions"}],"predecessor-version":[{"id":562,"href":"https:\/\/lidianavasabogada.com\/en\/wp-json\/wp\/v2\/pages\/522\/revisions\/562"}],"wp:attachment":[{"href":"https:\/\/lidianavasabogada.com\/en\/wp-json\/wp\/v2\/media?parent=522"}],"curies":[{"name":"wp","href":"https:\/\/api.w.org\/{rel}","templated":true}]}}